{"id":1238,"date":"2023-11-06T04:02:16","date_gmt":"2023-11-06T03:02:16","guid":{"rendered":"https:\/\/www.kimkosmetik.at\/?page_id=1238"},"modified":"2025-08-15T04:11:47","modified_gmt":"2025-08-15T02:11:47","slug":"haarentfernungen","status":"publish","type":"page","link":"https:\/\/www.kimkosmetik.at\/de\/haarentfernungen\/","title":{"rendered":"Haarentfernungen"},"content":{"rendered":"\n<p><\/p>\n\n\n\n<div class=\"wp-block-group has-waterlava-secondary-background-color has-background is-layout-constrained wp-container-core-group-is-layout-4f18ad88 wp-block-group-is-layout-constrained\" style=\"padding-top:0px;padding-right:0px;padding-bottom:0px;padding-left:0px\">\n<div class=\"wp-block-columns is-layout-flex wp-container-core-columns-is-layout-1cb2d6e6 wp-block-columns-is-layout-flex\" style=\"padding-bottom:30px\">\n<div class=\"wp-block-column waterlava-animate waterlava-move-right waterlava-delay-5 is-layout-flow wp-container-core-column-is-layout-fe0e2ea3 wp-block-column-is-layout-flow\">\n<div class=\"wp-block-group is-layout-flow wp-container-core-group-is-layout-47e5a185 wp-block-group-is-layout-flow\">\n<h2 class=\"wp-block-heading waterlava-animate waterlava-move-right waterlava-delay-1 has-waterlava-primary-color has-text-color\" style=\"margin-bottom:10px;font-size:48px;font-style:normal;font-weight:600\">Haarentfernungen Menu<\/h2>\n\n\n\n<p class=\"waterlava-animate waterlava-move-right waterlava-delay-3 has-waterlava-ninth-color has-text-color\" style=\"font-size:14px;font-style:normal;font-weight:400\">Die Kosten der Haarentfernung bestehen sich auf eine intensive Behandlung und von der behandelten Fl\u00e4che abh\u00e4ngig. Es liegt je nach haardichte bei 8-12 Behandlungen. Die Anzahl der notwendigen Behandlungen variiert von Person zu Person und wir erkl\u00e4ren Ihnen gerne in einem pers\u00f6nlichen Gespr\u00e4ch.<\/p>\n<\/div>\n\n\n\n<div class=\"wp-block-group waterlava-animate waterlava-move-right waterlava-delay-3 is-layout-flow wp-container-core-group-is-layout-7728221c wp-block-group-is-layout-flow\" style=\"padding-top:20px\">\n<div class=\"wp-block-columns is-layout-flex wp-container-core-columns-is-layout-debbbd2e wp-block-columns-is-layout-flex\" style=\"margin-bottom:15px\">\n<div class=\"wp-block-column is-layout-flow wp-container-core-column-is-layout-47e5a185 wp-block-column-is-layout-flow\">\n<h2 class=\"wp-block-heading has-text-color\" style=\"color:#664750;margin-top:0px;margin-bottom:0px;font-size:28px;font-style:normal;font-weight:500\">Gesicht (gesamtes)<\/h2>\n\n\n\n<p class=\"has-waterlava-ninth-color has-text-color\" style=\"font-size:14px\"><\/p>\n<\/div>\n\n\n\n<div class=\"wp-block-column is-vertically-aligned-center is-layout-flow wp-block-column-is-layout-flow\">\n<div class=\"wp-block-group is-content-justification-right is-nowrap is-layout-flex wp-container-core-group-is-layout-8d747646 wp-block-group-is-layout-flex\">\n<h2 class=\"wp-block-heading has-waterlava-fifth-color has-text-color\" style=\"font-style:normal;font-weight:500\">\u20ac125<\/h2>\n<\/div>\n<\/div>\n<\/div>\n\n\n\n<hr class=\"wp-block-separator has-text-color has-waterlava-seventh-color has-alpha-channel-opacity has-waterlava-seventh-background-color has-background is-style-wide\"\/>\n<\/div>\n\n\n\n<div class=\"wp-block-group waterlava-animate waterlava-move-right waterlava-delay-5 is-layout-flow wp-container-core-group-is-layout-6459169f wp-block-group-is-layout-flow\" style=\"padding-top:0px\">\n<div class=\"wp-block-columns is-layout-flex wp-container-core-columns-is-layout-f149b299 wp-block-columns-is-layout-flex\" style=\"margin-top:15px;margin-bottom:15px\">\n<div class=\"wp-block-column is-layout-flow wp-container-core-column-is-layout-47e5a185 wp-block-column-is-layout-flow\">\n<h2 class=\"wp-block-heading has-text-color\" style=\"color:#664750;margin-top:0px;margin-bottom:0px;font-size:28px;font-style:normal;font-weight:500\">Oberlippe+Kinn, Hals gesamtes<\/h2>\n\n\n\n<p class=\"has-waterlava-ninth-color has-text-color\" style=\"font-size:14px\"><\/p>\n<\/div>\n\n\n\n<div class=\"wp-block-column is-vertically-aligned-center is-layout-flow wp-block-column-is-layout-flow\">\n<div class=\"wp-block-group is-content-justification-right is-nowrap is-layout-flex wp-container-core-group-is-layout-8d747646 wp-block-group-is-layout-flex\">\n<h2 class=\"wp-block-heading has-waterlava-fifth-color has-text-color\" style=\"font-style:normal;font-weight:500\">\u20ac135<\/h2>\n<\/div>\n<\/div>\n<\/div>\n\n\n\n<hr class=\"wp-block-separator has-text-color has-waterlava-seventh-color has-alpha-channel-opacity has-waterlava-seventh-background-color has-background is-style-wide\"\/>\n<\/div>\n\n\n\n<div class=\"wp-block-group waterlava-animate waterlava-move-right waterlava-delay-7 is-layout-flow wp-container-core-group-is-layout-47e5a185 wp-block-group-is-layout-flow\">\n<div class=\"wp-block-columns is-layout-flex wp-container-core-columns-is-layout-f149b299 wp-block-columns-is-layout-flex\" style=\"margin-top:15px;margin-bottom:15px\">\n<div class=\"wp-block-column is-layout-flow wp-container-core-column-is-layout-47e5a185 wp-block-column-is-layout-flow\">\n<h2 class=\"wp-block-heading has-text-color\" style=\"color:#664750;margin-top:0px;margin-bottom:0px;font-size:28px;font-style:normal;font-weight:500\">Gesicht mit Hals, Delkotee<\/h2>\n\n\n\n<p class=\"has-waterlava-ninth-color has-text-color\" style=\"font-size:14px\"><\/p>\n<\/div>\n\n\n\n<div class=\"wp-block-column is-vertically-aligned-center is-layout-flow wp-block-column-is-layout-flow\">\n<div class=\"wp-block-group is-content-justification-right is-nowrap is-layout-flex wp-container-core-group-is-layout-8d747646 wp-block-group-is-layout-flex\">\n<h2 class=\"wp-block-heading has-waterlava-fifth-color has-text-color\" style=\"font-style:normal;font-weight:500\">\u20ac165<\/h2>\n<\/div>\n<\/div>\n<\/div>\n\n\n\n<hr class=\"wp-block-separator has-text-color has-waterlava-seventh-color has-alpha-channel-opacity has-waterlava-seventh-background-color has-background is-style-wide\"\/>\n<\/div>\n\n\n\n<div class=\"wp-block-group waterlava-animate waterlava-move-right waterlava-delay-10 is-layout-flow wp-container-core-group-is-layout-47e5a185 wp-block-group-is-layout-flow\">\n<div class=\"wp-block-columns is-layout-flex wp-container-core-columns-is-layout-f149b299 wp-block-columns-is-layout-flex\" style=\"margin-top:15px;margin-bottom:15px\">\n<div class=\"wp-block-column is-layout-flow wp-container-core-column-is-layout-47e5a185 wp-block-column-is-layout-flow\">\n<h2 class=\"wp-block-heading has-text-color\" style=\"color:#664750;margin-top:0px;margin-bottom:0px;font-size:28px;font-style:normal;font-weight:500\">R\u00fccken+Nacken<\/h2>\n\n\n\n<p class=\"has-waterlava-ninth-color has-text-color\" style=\"font-size:14px\"><\/p>\n<\/div>\n\n\n\n<div class=\"wp-block-column is-vertically-aligned-center is-layout-flow wp-block-column-is-layout-flow\">\n<div class=\"wp-block-group is-content-justification-right is-nowrap is-layout-flex wp-container-core-group-is-layout-8d747646 wp-block-group-is-layout-flex\">\n<h2 class=\"wp-block-heading has-waterlava-fifth-color has-text-color\" style=\"font-style:normal;font-weight:500\">\u20ac185<\/h2>\n<\/div>\n<\/div>\n<\/div>\n\n\n\n<hr class=\"wp-block-separator has-text-color has-waterlava-seventh-color has-alpha-channel-opacity has-waterlava-seventh-background-color has-background is-style-wide\"\/>\n<\/div>\n\n\n\n<div class=\"wp-block-group waterlava-animate waterlava-move-right waterlava-delay-10 is-layout-flow wp-container-core-group-is-layout-47e5a185 wp-block-group-is-layout-flow\">\n<div class=\"wp-block-columns is-layout-flex wp-container-core-columns-is-layout-f149b299 wp-block-columns-is-layout-flex\" style=\"margin-top:15px;margin-bottom:15px\">\n<div class=\"wp-block-column is-layout-flow wp-container-core-column-is-layout-47e5a185 wp-block-column-is-layout-flow\">\n<h2 class=\"wp-block-heading has-text-color\" style=\"color:#664750;margin-top:0px;margin-bottom:0px;font-size:28px;font-style:normal;font-weight:500\">Gesamtes R\u00fccken(inkl. Nacken, Schultern, Stei\u00dfbein<\/h2>\n\n\n\n<p class=\"has-waterlava-ninth-color has-text-color\" style=\"font-size:14px\"><\/p>\n<\/div>\n\n\n\n<div class=\"wp-block-column is-vertically-aligned-center is-layout-flow wp-block-column-is-layout-flow\">\n<div class=\"wp-block-group is-content-justification-right is-nowrap is-layout-flex wp-container-core-group-is-layout-8d747646 wp-block-group-is-layout-flex\">\n<h2 class=\"wp-block-heading has-waterlava-fifth-color has-text-color\" style=\"font-style:normal;font-weight:500\">\u20ac225<\/h2>\n<\/div>\n<\/div>\n<\/div>\n\n\n\n<hr class=\"wp-block-separator has-text-color has-waterlava-seventh-color has-alpha-channel-opacity has-waterlava-seventh-background-color has-background is-style-wide\"\/>\n<\/div>\n\n\n\n<div class=\"wp-block-group waterlava-animate waterlava-move-right waterlava-delay-10 is-layout-flow wp-container-core-group-is-layout-47e5a185 wp-block-group-is-layout-flow\">\n<div class=\"wp-block-columns is-layout-flex wp-container-core-columns-is-layout-f149b299 wp-block-columns-is-layout-flex\" style=\"margin-top:15px;margin-bottom:15px\">\n<div class=\"wp-block-column is-layout-flow wp-container-core-column-is-layout-47e5a185 wp-block-column-is-layout-flow\">\n<h2 class=\"wp-block-heading has-text-color\" style=\"color:#664750;margin-top:0px;margin-bottom:0px;font-size:28px;font-style:normal;font-weight:500\">Brust Bauch<\/h2>\n\n\n\n<p class=\"has-waterlava-ninth-color has-text-color\" style=\"font-size:14px\"><\/p>\n<\/div>\n\n\n\n<div class=\"wp-block-column is-vertically-aligned-center is-layout-flow wp-block-column-is-layout-flow\">\n<div class=\"wp-block-group is-content-justification-right is-nowrap is-layout-flex wp-container-core-group-is-layout-8d747646 wp-block-group-is-layout-flex\">\n<h2 class=\"wp-block-heading has-waterlava-fifth-color has-text-color\" style=\"font-style:normal;font-weight:500\">\u20ac185<\/h2>\n<\/div>\n<\/div>\n<\/div>\n\n\n\n<hr class=\"wp-block-separator has-text-color has-waterlava-seventh-color has-alpha-channel-opacity has-waterlava-seventh-background-color has-background is-style-wide\"\/>\n<\/div>\n\n\n\n<div class=\"wp-block-group waterlava-animate waterlava-move-right waterlava-delay-10 is-layout-flow wp-container-core-group-is-layout-47e5a185 wp-block-group-is-layout-flow\">\n<div class=\"wp-block-columns is-layout-flex wp-container-core-columns-is-layout-f149b299 wp-block-columns-is-layout-flex\" style=\"margin-top:15px;margin-bottom:15px\">\n<div class=\"wp-block-column is-layout-flow wp-container-core-column-is-layout-47e5a185 wp-block-column-is-layout-flow\">\n<h2 class=\"wp-block-heading has-text-color\" style=\"color:#664750;margin-top:0px;margin-bottom:0px;font-size:28px;font-style:normal;font-weight:500\">Achseln beidseitig<\/h2>\n\n\n\n<p class=\"has-waterlava-ninth-color has-text-color\" style=\"font-size:14px\"><\/p>\n<\/div>\n\n\n\n<div class=\"wp-block-column is-vertically-aligned-center is-layout-flow wp-block-column-is-layout-flow\">\n<div class=\"wp-block-group is-content-justification-right is-nowrap is-layout-flex wp-container-core-group-is-layout-8d747646 wp-block-group-is-layout-flex\">\n<h2 class=\"wp-block-heading has-waterlava-fifth-color has-text-color\" style=\"font-style:normal;font-weight:500\">\u20ac80<\/h2>\n<\/div>\n<\/div>\n<\/div>\n\n\n\n<hr class=\"wp-block-separator has-text-color has-waterlava-seventh-color has-alpha-channel-opacity has-waterlava-seventh-background-color has-background is-style-wide\"\/>\n<\/div>\n\n\n\n<div class=\"wp-block-group waterlava-animate waterlava-move-right waterlava-delay-10 is-layout-flow wp-container-core-group-is-layout-47e5a185 wp-block-group-is-layout-flow\">\n<div class=\"wp-block-columns is-layout-flex wp-container-core-columns-is-layout-f149b299 wp-block-columns-is-layout-flex\" style=\"margin-top:15px;margin-bottom:15px\">\n<div class=\"wp-block-column is-layout-flow wp-container-core-column-is-layout-47e5a185 wp-block-column-is-layout-flow\">\n<h2 class=\"wp-block-heading has-text-color\" style=\"color:#664750;margin-top:0px;margin-bottom:0px;font-size:28px;font-style:normal;font-weight:500\">Arme Komplett<\/h2>\n\n\n\n<p class=\"has-waterlava-ninth-color has-text-color\" style=\"font-size:14px\"><\/p>\n<\/div>\n\n\n\n<div class=\"wp-block-column is-vertically-aligned-center is-layout-flow wp-block-column-is-layout-flow\">\n<div class=\"wp-block-group is-content-justification-right is-nowrap is-layout-flex wp-container-core-group-is-layout-8d747646 wp-block-group-is-layout-flex\">\n<h2 class=\"wp-block-heading has-waterlava-fifth-color has-text-color\" style=\"font-style:normal;font-weight:500\">\u20ac185<\/h2>\n<\/div>\n<\/div>\n<\/div>\n\n\n\n<hr class=\"wp-block-separator has-text-color has-waterlava-seventh-color has-alpha-channel-opacity has-waterlava-seventh-background-color has-background is-style-wide\"\/>\n<\/div>\n\n\n\n<div class=\"wp-block-group waterlava-animate waterlava-move-right waterlava-delay-10 is-layout-flow wp-container-core-group-is-layout-47e5a185 wp-block-group-is-layout-flow\">\n<div class=\"wp-block-columns is-layout-flex wp-container-core-columns-is-layout-f149b299 wp-block-columns-is-layout-flex\" style=\"margin-top:15px;margin-bottom:15px\">\n<div class=\"wp-block-column is-layout-flow wp-container-core-column-is-layout-47e5a185 wp-block-column-is-layout-flow\">\n<h2 class=\"wp-block-heading has-text-color\" style=\"color:#664750;margin-top:0px;margin-bottom:0px;font-size:28px;font-style:normal;font-weight:500\">H\u00e4nde beidseitig<\/h2>\n\n\n\n<p class=\"has-waterlava-ninth-color has-text-color\" style=\"font-size:14px\"><\/p>\n<\/div>\n\n\n\n<div class=\"wp-block-column is-vertically-aligned-center is-layout-flow wp-block-column-is-layout-flow\">\n<div class=\"wp-block-group is-content-justification-right is-nowrap is-layout-flex wp-container-core-group-is-layout-8d747646 wp-block-group-is-layout-flex\">\n<h2 class=\"wp-block-heading has-waterlava-fifth-color has-text-color\" style=\"font-style:normal;font-weight:500\">\u20ac50<\/h2>\n<\/div>\n<\/div>\n<\/div>\n\n\n\n<hr class=\"wp-block-separator has-text-color has-waterlava-seventh-color has-alpha-channel-opacity has-waterlava-seventh-background-color has-background is-style-wide\"\/>\n<\/div>\n\n\n\n<div class=\"wp-block-group waterlava-animate waterlava-move-right waterlava-delay-10 is-layout-flow wp-container-core-group-is-layout-47e5a185 wp-block-group-is-layout-flow\">\n<div class=\"wp-block-columns is-layout-flex wp-container-core-columns-is-layout-f149b299 wp-block-columns-is-layout-flex\" style=\"margin-top:15px;margin-bottom:15px\">\n<div class=\"wp-block-column is-layout-flow wp-container-core-column-is-layout-47e5a185 wp-block-column-is-layout-flow\">\n<h2 class=\"wp-block-heading has-text-color\" style=\"color:#664750;margin-top:0px;margin-bottom:0px;font-size:28px;font-style:normal;font-weight:500\">Bauch<\/h2>\n\n\n\n<p class=\"has-waterlava-ninth-color has-text-color\" style=\"font-size:14px\"><\/p>\n<\/div>\n\n\n\n<div class=\"wp-block-column is-vertically-aligned-center is-layout-flow wp-block-column-is-layout-flow\">\n<div class=\"wp-block-group is-content-justification-right is-nowrap is-layout-flex wp-container-core-group-is-layout-8d747646 wp-block-group-is-layout-flex\">\n<h2 class=\"wp-block-heading has-waterlava-fifth-color has-text-color\" style=\"font-style:normal;font-weight:500\">\u20ac125<\/h2>\n<\/div>\n<\/div>\n<\/div>\n\n\n\n<hr class=\"wp-block-separator has-text-color has-waterlava-seventh-color has-alpha-channel-opacity has-waterlava-seventh-background-color has-background is-style-wide\"\/>\n<\/div>\n\n\n\n<div class=\"wp-block-group waterlava-animate waterlava-move-right waterlava-delay-10 is-layout-flow wp-container-core-group-is-layout-47e5a185 wp-block-group-is-layout-flow\">\n<div class=\"wp-block-columns is-layout-flex wp-container-core-columns-is-layout-f149b299 wp-block-columns-is-layout-flex\" style=\"margin-top:15px;margin-bottom:15px\">\n<div class=\"wp-block-column is-layout-flow wp-container-core-column-is-layout-47e5a185 wp-block-column-is-layout-flow\">\n<h2 class=\"wp-block-heading has-text-color\" style=\"color:#664750;margin-top:0px;margin-bottom:0px;font-size:28px;font-style:normal;font-weight:500\">Oberschenkel<\/h2>\n\n\n\n<p class=\"has-waterlava-ninth-color has-text-color\" style=\"font-size:14px\"><\/p>\n<\/div>\n\n\n\n<div class=\"wp-block-column is-vertically-aligned-center is-layout-flow wp-block-column-is-layout-flow\">\n<div class=\"wp-block-group is-content-justification-right is-nowrap is-layout-flex wp-container-core-group-is-layout-8d747646 wp-block-group-is-layout-flex\">\n<h2 class=\"wp-block-heading has-waterlava-fifth-color has-text-color\" style=\"font-style:normal;font-weight:500\">\u20ac185<\/h2>\n<\/div>\n<\/div>\n<\/div>\n\n\n\n<hr class=\"wp-block-separator has-text-color has-waterlava-seventh-color has-alpha-channel-opacity has-waterlava-seventh-background-color has-background is-style-wide\"\/>\n<\/div>\n\n\n\n<div class=\"wp-block-group waterlava-animate waterlava-move-right waterlava-delay-10 is-layout-flow wp-container-core-group-is-layout-47e5a185 wp-block-group-is-layout-flow\">\n<div class=\"wp-block-columns is-layout-flex wp-container-core-columns-is-layout-f149b299 wp-block-columns-is-layout-flex\" style=\"margin-top:15px;margin-bottom:15px\">\n<div class=\"wp-block-column is-layout-flow wp-container-core-column-is-layout-47e5a185 wp-block-column-is-layout-flow\">\n<h2 class=\"wp-block-heading has-text-color\" style=\"color:#664750;margin-top:0px;margin-bottom:0px;font-size:28px;font-style:normal;font-weight:500\">Unterschenkel, F\u00fc\u00dfe<\/h2>\n\n\n\n<p class=\"has-waterlava-ninth-color has-text-color\" style=\"font-size:14px\"><\/p>\n<\/div>\n\n\n\n<div class=\"wp-block-column is-vertically-aligned-center is-layout-flow wp-block-column-is-layout-flow\">\n<div class=\"wp-block-group is-content-justification-right is-nowrap is-layout-flex wp-container-core-group-is-layout-8d747646 wp-block-group-is-layout-flex\">\n<h2 class=\"wp-block-heading has-waterlava-fifth-color has-text-color\" style=\"font-style:normal;font-weight:500\">\u20ac185<\/h2>\n<\/div>\n<\/div>\n<\/div>\n\n\n\n<hr class=\"wp-block-separator has-text-color has-waterlava-seventh-color has-alpha-channel-opacity has-waterlava-seventh-background-color has-background is-style-wide\"\/>\n<\/div>\n\n\n\n<div class=\"wp-block-group waterlava-animate waterlava-move-right waterlava-delay-10 is-layout-flow wp-container-core-group-is-layout-47e5a185 wp-block-group-is-layout-flow\">\n<div class=\"wp-block-columns is-layout-flex wp-container-core-columns-is-layout-f149b299 wp-block-columns-is-layout-flex\" style=\"margin-top:15px;margin-bottom:15px\">\n<div class=\"wp-block-column is-layout-flow wp-container-core-column-is-layout-47e5a185 wp-block-column-is-layout-flow\">\n<h2 class=\"wp-block-heading has-text-color\" style=\"color:#664750;margin-top:0px;margin-bottom:0px;font-size:28px;font-style:normal;font-weight:500\">F\u00fc\u00dfe<\/h2>\n\n\n\n<p class=\"has-waterlava-ninth-color has-text-color\" style=\"font-size:14px\"><\/p>\n<\/div>\n\n\n\n<div class=\"wp-block-column is-vertically-aligned-center is-layout-flow wp-block-column-is-layout-flow\">\n<div class=\"wp-block-group is-content-justification-right is-nowrap is-layout-flex wp-container-core-group-is-layout-8d747646 wp-block-group-is-layout-flex\">\n<h2 class=\"wp-block-heading has-waterlava-fifth-color has-text-color\" style=\"font-style:normal;font-weight:500\">\u20ac60<\/h2>\n<\/div>\n<\/div>\n<\/div>\n\n\n\n<hr class=\"wp-block-separator has-text-color has-waterlava-seventh-color has-alpha-channel-opacity has-waterlava-seventh-background-color has-background is-style-wide\"\/>\n<\/div>\n\n\n\n<div class=\"wp-block-group waterlava-animate waterlava-move-right waterlava-delay-10 is-layout-flow wp-container-core-group-is-layout-47e5a185 wp-block-group-is-layout-flow\">\n<div class=\"wp-block-columns is-layout-flex wp-container-core-columns-is-layout-f149b299 wp-block-columns-is-layout-flex\" style=\"margin-top:15px;margin-bottom:15px\">\n<div class=\"wp-block-column is-layout-flow wp-container-core-column-is-layout-47e5a185 wp-block-column-is-layout-flow\">\n<h2 class=\"wp-block-heading has-text-color\" style=\"color:#664750;margin-top:0px;margin-bottom:0px;font-size:28px;font-style:normal;font-weight:500\">Bikinizone<\/h2>\n\n\n\n<p class=\"has-waterlava-ninth-color has-text-color\" style=\"font-size:14px\"><\/p>\n<\/div>\n\n\n\n<div class=\"wp-block-column is-vertically-aligned-center is-layout-flow wp-block-column-is-layout-flow\">\n<div class=\"wp-block-group is-content-justification-right is-nowrap is-layout-flex wp-container-core-group-is-layout-8d747646 wp-block-group-is-layout-flex\">\n<h2 class=\"wp-block-heading has-waterlava-fifth-color has-text-color\" style=\"font-style:normal;font-weight:500\">\u20ac90<\/h2>\n<\/div>\n<\/div>\n<\/div>\n\n\n\n<hr class=\"wp-block-separator has-text-color has-waterlava-seventh-color has-alpha-channel-opacity has-waterlava-seventh-background-color has-background is-style-wide\"\/>\n<\/div>\n\n\n\n<div class=\"wp-block-group waterlava-animate waterlava-move-right waterlava-delay-10 is-layout-flow wp-container-core-group-is-layout-47e5a185 wp-block-group-is-layout-flow\">\n<div class=\"wp-block-columns is-layout-flex wp-container-core-columns-is-layout-f149b299 wp-block-columns-is-layout-flex\" style=\"margin-top:15px;margin-bottom:15px\">\n<div class=\"wp-block-column is-layout-flow wp-container-core-column-is-layout-47e5a185 wp-block-column-is-layout-flow\">\n<h2 class=\"wp-block-heading has-text-color\" style=\"color:#664750;margin-top:0px;margin-bottom:0px;font-size:28px;font-style:normal;font-weight:500\">Beine Komplett<\/h2>\n\n\n\n<p class=\"has-waterlava-ninth-color has-text-color\" style=\"font-size:14px\"><\/p>\n<\/div>\n\n\n\n<div class=\"wp-block-column is-vertically-aligned-center is-layout-flow wp-block-column-is-layout-flow\">\n<div class=\"wp-block-group is-content-justification-right is-nowrap is-layout-flex wp-container-core-group-is-layout-8d747646 wp-block-group-is-layout-flex\">\n<h2 class=\"wp-block-heading has-waterlava-fifth-color has-text-color\" style=\"font-style:normal;font-weight:500\">\u20ac225<\/h2>\n<\/div>\n<\/div>\n<\/div>\n\n\n\n<hr class=\"wp-block-separator has-text-color has-waterlava-seventh-color has-alpha-channel-opacity has-waterlava-seventh-background-color has-background is-style-wide\"\/>\n<\/div>\n\n\n\n<div class=\"wp-block-group waterlava-animate waterlava-move-right waterlava-delay-10 is-layout-flow wp-container-core-group-is-layout-47e5a185 wp-block-group-is-layout-flow\">\n<div class=\"wp-block-columns is-layout-flex wp-container-core-columns-is-layout-f149b299 wp-block-columns-is-layout-flex\" style=\"margin-top:15px;margin-bottom:15px\">\n<div class=\"wp-block-column is-layout-flow wp-container-core-column-is-layout-47e5a185 wp-block-column-is-layout-flow\">\n<h2 class=\"wp-block-heading has-text-color\" style=\"color:#664750;margin-top:0px;margin-bottom:0px;font-size:28px;font-style:normal;font-weight:500\">Hautk\u00f6rper<\/h2>\n\n\n\n<p class=\"has-waterlava-ninth-color has-text-color\" style=\"font-size:14px\"><\/p>\n<\/div>\n\n\n\n<div class=\"wp-block-column is-vertically-aligned-center is-layout-flow wp-block-column-is-layout-flow\">\n<div class=\"wp-block-group is-content-justification-right is-nowrap is-layout-flex wp-container-core-group-is-layout-8d747646 wp-block-group-is-layout-flex\">\n<h2 class=\"wp-block-heading has-waterlava-fifth-color has-text-color\" style=\"font-style:normal;font-weight:500\">\u20ac565<\/h2>\n<\/div>\n<\/div>\n<\/div>\n\n\n\n<hr class=\"wp-block-separator has-text-color has-waterlava-seventh-color has-alpha-channel-opacity has-waterlava-seventh-background-color has-background is-style-wide\"\/>\n<\/div>\n<\/div>\n\n\n\n<div class=\"wp-block-column is-layout-flow wp-block-column-is-layout-flow\" style=\"padding-top:10px;padding-left:30px\"><\/div>\n<\/div>\n<\/div>\n\n\n\n\n\n\n\n<p><\/p>\n","protected":false},"excerpt":{"rendered":"<p>Haarentfernungen Menu Die Kosten der Haarentfernung bestehen sich auf eine intensive Behandlung und von der behandelten Fl\u00e4che abh\u00e4ngig. Es liegt je nach haardichte bei 8-12 Behandlungen. Die Anzahl der notwendigen Behandlungen variiert von Person zu Person und wir erkl\u00e4ren Ihnen gerne in einem pers\u00f6nlichen Gespr\u00e4ch. Gesicht (gesamtes) \u20ac125 Oberlippe+Kinn, Hals gesamtes \u20ac135 Gesicht mit Hals, Delkotee \u20ac165 R\u00fccken+Nacken \u20ac185 Gesamtes R\u00fccken(inkl. Nacken, Schultern, Stei\u00dfbein \u20ac225 Brust Bauch \u20ac185 Achseln beidseitig \u20ac80 Arme Komplett \u20ac185 H\u00e4nde beidseitig \u20ac50 Bauch \u20ac125 Oberschenkel \u20ac185 Unterschenkel, F\u00fc\u00dfe \u20ac185 F\u00fc\u00dfe \u20ac60 Bikinizone \u20ac90 Beine Komplett \u20ac225 Hautk\u00f6rper \u20ac565<\/p>\n","protected":false},"author":1,"featured_media":0,"parent":0,"menu_order":0,"comment_status":"closed","ping_status":"closed","template":"","meta":{"om_disable_all_campaigns":false,"_monsterinsights_skip_tracking":false,"_monsterinsights_sitenote_active":false,"_monsterinsights_sitenote_note":"","_monsterinsights_sitenote_category":0,"footnotes":""},"class_list":["post-1238","page","type-page","status-publish","hentry"],"jetpack_sharing_enabled":true,"_links":{"self":[{"href":"https:\/\/www.kimkosmetik.at\/de\/wp-json\/wp\/v2\/pages\/1238","targetHints":{"allow":["GET"]}}],"collection":[{"href":"https:\/\/www.kimkosmetik.at\/de\/wp-json\/wp\/v2\/pages"}],"about":[{"href":"https:\/\/www.kimkosmetik.at\/de\/wp-json\/wp\/v2\/types\/page"}],"author":[{"embeddable":true,"href":"https:\/\/www.kimkosmetik.at\/de\/wp-json\/wp\/v2\/users\/1"}],"replies":[{"embeddable":true,"href":"https:\/\/www.kimkosmetik.at\/de\/wp-json\/wp\/v2\/comments?post=1238"}],"version-history":[{"count":11,"href":"https:\/\/www.kimkosmetik.at\/de\/wp-json\/wp\/v2\/pages\/1238\/revisions"}],"predecessor-version":[{"id":1954,"href":"https:\/\/www.kimkosmetik.at\/de\/wp-json\/wp\/v2\/pages\/1238\/revisions\/1954"}],"wp:attachment":[{"href":"https:\/\/www.kimkosmetik.at\/de\/wp-json\/wp\/v2\/media?parent=1238"}],"curies":[{"name":"wp","href":"https:\/\/api.w.org\/{rel}","templated":true}]}}