{"id":152,"date":"2023-03-06T11:53:41","date_gmt":"2023-03-06T10:53:41","guid":{"rendered":"https:\/\/www.kimkosmetik.at\/?page_id=152"},"modified":"2025-08-15T04:22:56","modified_gmt":"2025-08-15T02:22:56","slug":"korperbehandlung","status":"publish","type":"page","link":"https:\/\/www.kimkosmetik.at\/de\/korperbehandlung\/","title":{"rendered":"K\u00f6rperbehandlung"},"content":{"rendered":"\n<div class=\"wp-block-group has-waterlava-secondary-background-color has-background is-layout-constrained wp-container-core-group-is-layout-4f18ad88 wp-block-group-is-layout-constrained\" style=\"padding-top:0px;padding-right:0px;padding-bottom:0px;padding-left:0px\">\n<div class=\"wp-block-columns is-layout-flex wp-container-core-columns-is-layout-1cb2d6e6 wp-block-columns-is-layout-flex\" style=\"padding-bottom:30px\">\n<div class=\"wp-block-column waterlava-animate waterlava-move-right waterlava-delay-5 is-layout-flow wp-container-core-column-is-layout-fe0e2ea3 wp-block-column-is-layout-flow\">\n<div class=\"wp-block-group is-layout-flow wp-container-core-group-is-layout-47e5a185 wp-block-group-is-layout-flow\">\n<h2 class=\"wp-block-heading waterlava-animate waterlava-move-right waterlava-delay-1 has-waterlava-primary-color has-text-color\" style=\"margin-bottom:10px;font-size:48px;font-style:normal;font-weight:600\">K\u00f6rperbehandlung Menu<\/h2>\n\n\n\n<p class=\"waterlava-animate waterlava-move-right waterlava-delay-3 has-waterlava-ninth-color has-text-color\" style=\"font-size:14px;font-style:normal;font-weight:400\"><\/p>\n<\/div>\n\n\n\n<div class=\"wp-block-group waterlava-animate waterlava-move-right waterlava-delay-3 is-layout-flow wp-container-core-group-is-layout-7728221c wp-block-group-is-layout-flow\" style=\"padding-top:20px\">\n<div class=\"wp-block-columns is-layout-flex wp-container-core-columns-is-layout-debbbd2e wp-block-columns-is-layout-flex\" style=\"margin-bottom:15px\">\n<div class=\"wp-block-column is-layout-flow wp-container-core-column-is-layout-47e5a185 wp-block-column-is-layout-flow\">\n<h2 class=\"wp-block-heading has-text-color\" style=\"color:#664750;margin-top:0px;margin-bottom:0px;font-size:28px;font-style:normal;font-weight:500\">Laserbehandlung<\/h2>\n\n\n\n<p class=\"has-waterlava-ninth-color has-text-color\" style=\"font-size:14px\">Effekte: Fettabbau und Straffung<\/p>\n<\/div>\n\n\n\n<div class=\"wp-block-column is-vertically-aligned-center is-layout-flow wp-block-column-is-layout-flow\">\n<div class=\"wp-block-group is-content-justification-right is-nowrap is-layout-flex wp-container-core-group-is-layout-8d747646 wp-block-group-is-layout-flex\">\n<h2 class=\"wp-block-heading has-waterlava-fifth-color has-text-color\" style=\"font-style:normal;font-weight:500\">\u20ac55<\/h2>\n\n\n\n<p class=\"has-waterlava-ninth-color has-text-color\" style=\"font-size:14px;font-style:normal;font-weight:300\">\/ 30Min<\/p>\n<\/div>\n<\/div>\n<\/div>\n\n\n\n<hr class=\"wp-block-separator has-text-color has-waterlava-seventh-color has-alpha-channel-opacity has-waterlava-seventh-background-color has-background is-style-wide\"\/>\n<\/div>\n\n\n\n<div class=\"wp-block-group waterlava-animate waterlava-move-right waterlava-delay-5 is-layout-flow wp-container-core-group-is-layout-6459169f wp-block-group-is-layout-flow\" style=\"padding-top:0px\">\n<div class=\"wp-block-columns is-layout-flex wp-container-core-columns-is-layout-f149b299 wp-block-columns-is-layout-flex\" style=\"margin-top:15px;margin-bottom:15px\">\n<div class=\"wp-block-column is-layout-flow wp-container-core-column-is-layout-47e5a185 wp-block-column-is-layout-flow\">\n<h2 class=\"wp-block-heading has-text-color\" style=\"color:#664750;margin-top:0px;margin-bottom:0px;font-size:28px;font-style:normal;font-weight:500\">Aroma Cellulite Behandlung &#8211; Body wrapping<\/h2>\n\n\n\n<p class=\"has-waterlava-ninth-color has-text-color\" style=\"font-size:14px\">Effekte: Entschlackung, Fettabbau, Straffung und Durchblutung<\/p>\n<\/div>\n\n\n\n<div class=\"wp-block-column is-vertically-aligned-center is-layout-flow wp-block-column-is-layout-flow\">\n<div class=\"wp-block-group is-content-justification-right is-nowrap is-layout-flex wp-container-core-group-is-layout-8d747646 wp-block-group-is-layout-flex\">\n<h2 class=\"wp-block-heading has-waterlava-fifth-color has-text-color\" style=\"font-style:normal;font-weight:500\">\u20ac65<\/h2>\n\n\n\n<p class=\"has-waterlava-ninth-color has-text-color\" style=\"font-size:14px;font-style:normal;font-weight:300\">\/ 40Min<\/p>\n<\/div>\n<\/div>\n<\/div>\n\n\n\n<hr class=\"wp-block-separator has-text-color has-waterlava-seventh-color has-alpha-channel-opacity has-waterlava-seventh-background-color has-background is-style-wide\"\/>\n<\/div>\n\n\n\n<div class=\"wp-block-group waterlava-animate waterlava-move-right waterlava-delay-7 is-layout-flow wp-container-core-group-is-layout-47e5a185 wp-block-group-is-layout-flow\">\n<div class=\"wp-block-columns is-layout-flex wp-container-core-columns-is-layout-f149b299 wp-block-columns-is-layout-flex\" style=\"margin-top:15px;margin-bottom:15px\">\n<div class=\"wp-block-column is-layout-flow wp-container-core-column-is-layout-47e5a185 wp-block-column-is-layout-flow\">\n<h2 class=\"wp-block-heading has-text-color\" style=\"color:#664750;margin-top:0px;margin-bottom:0px;font-size:28px;font-style:normal;font-weight:500\">Aroma Wickel f\u00fcr Bauch<\/h2>\n\n\n\n<p class=\"has-waterlava-ninth-color has-text-color\" style=\"font-size:14px\">Effekte: Fettabbau, Straffung<\/p>\n<\/div>\n\n\n\n<div class=\"wp-block-column is-vertically-aligned-center is-layout-flow wp-block-column-is-layout-flow\">\n<div class=\"wp-block-group is-content-justification-right is-nowrap is-layout-flex wp-container-core-group-is-layout-8d747646 wp-block-group-is-layout-flex\">\n<h2 class=\"wp-block-heading has-waterlava-fifth-color has-text-color\" style=\"font-style:normal;font-weight:500\">\u20ac55<\/h2>\n\n\n\n<p class=\"has-waterlava-ninth-color has-text-color\" style=\"font-size:14px;font-style:normal;font-weight:300\">\/ 40Min<\/p>\n<\/div>\n<\/div>\n<\/div>\n\n\n\n<hr class=\"wp-block-separator has-text-color has-waterlava-seventh-color has-alpha-channel-opacity has-waterlava-seventh-background-color has-background is-style-wide\"\/>\n<\/div>\n\n\n\n<div class=\"wp-block-group waterlava-animate waterlava-move-right waterlava-delay-10 is-layout-flow wp-container-core-group-is-layout-47e5a185 wp-block-group-is-layout-flow\">\n<div class=\"wp-block-columns is-layout-flex wp-container-core-columns-is-layout-f149b299 wp-block-columns-is-layout-flex\" style=\"margin-top:15px;margin-bottom:15px\">\n<div class=\"wp-block-column is-layout-flow wp-container-core-column-is-layout-47e5a185 wp-block-column-is-layout-flow\">\n<h2 class=\"wp-block-heading has-text-color\" style=\"color:#664750;margin-top:0px;margin-bottom:0px;font-size:28px;font-style:normal;font-weight:500\">Mechanische Lymphdrainage<\/h2>\n\n\n\n<p class=\"has-waterlava-ninth-color has-text-color\" style=\"font-size:14px\">Effekte: Durchblutung, Stoffwechsel und Cellulite Abbau<\/p>\n<\/div>\n\n\n\n<div class=\"wp-block-column is-vertically-aligned-center is-layout-flow wp-block-column-is-layout-flow\">\n<div class=\"wp-block-group is-content-justification-right is-nowrap is-layout-flex wp-container-core-group-is-layout-8d747646 wp-block-group-is-layout-flex\">\n<h2 class=\"wp-block-heading has-waterlava-fifth-color has-text-color\" style=\"font-style:normal;font-weight:500\">\u20ac60<\/h2>\n\n\n\n<p class=\"has-waterlava-ninth-color has-text-color\" style=\"font-size:14px;font-style:normal;font-weight:300\">\/ 30Min<\/p>\n<\/div>\n<\/div>\n<\/div>\n\n\n\n<hr class=\"wp-block-separator has-text-color has-waterlava-seventh-color has-alpha-channel-opacity has-waterlava-seventh-background-color has-background is-style-wide\"\/>\n<\/div>\n<\/div>\n\n\n\n<div class=\"wp-block-column is-layout-flow wp-block-column-is-layout-flow\" style=\"padding-top:10px;padding-left:30px\">\n<div class=\"wp-block-cover aligncenter is-light waterlava-animate waterlava-scale waterlava-delay-1\" style=\"padding-top:0px;padding-right:0px;padding-bottom:0px;padding-left:0px;min-height:32em;aspect-ratio:unset;\"><img decoding=\"async\" class=\"wp-block-cover__image-background wp-image-59\" alt=\"\" src=\"https:\/\/www.kimkosmetik.at\/wp-content\/themes\/waterlava\/assets\/img\/tree-nature-branch-blossom-snow-winter-635980-pxhere.com.webp\" data-object-fit=\"cover\"\/><span aria-hidden=\"true\" class=\"wp-block-cover__background has-waterlava-tenth-background-color has-background-dim\"><\/span><div class=\"wp-block-cover__inner-container is-layout-flow wp-block-cover-is-layout-flow\">\n<div class=\"wp-block-group is-layout-constrained wp-container-core-group-is-layout-50df58ef wp-block-group-is-layout-constrained\" style=\"padding-top:60px;padding-right:70px;padding-bottom:60px;padding-left:70px\">\n<div class=\"wp-block-group waterlava-animate waterlava-move-flip waterlava-delay-3 has-waterlava-third-color has-waterlava-eleventh-background-color has-text-color has-background is-layout-flow wp-block-group-is-layout-flow\" style=\"padding-top:60px;padding-right:0px;padding-bottom:60px;padding-left:0px\">\n<h2 class=\"wp-block-heading has-text-align-center has-waterlava-third-color has-text-color\" style=\"margin-top:0px;margin-right:0px;margin-bottom:0px;margin-left:0px;font-size:30px\">Get Up To<\/h2>\n\n\n\n<h2 class=\"wp-block-heading has-text-align-center has-waterlava-third-color has-text-color\" style=\"margin-top:0px;margin-right:0px;margin-bottom:0px;margin-left:0px;font-size:100px\">10%<\/h2>\n\n\n\n<h2 class=\"wp-block-heading has-text-align-center has-waterlava-third-color has-text-color\" style=\"margin-top:0px;margin-right:0px;margin-bottom:0px;margin-left:0px;font-size:30px\">Discount<\/h2>\n<\/div>\n<\/div>\n<\/div><\/div>\n<\/div>\n<\/div>\n<\/div>\n\n\n\n<div class=\"wp-block-group has-waterlava-secondary-background-color has-background is-layout-constrained wp-container-core-group-is-layout-2879d4fc wp-block-group-is-layout-constrained\" style=\"padding-bottom:100px\">\n<div class=\"wp-block-columns is-layout-flex wp-container-core-columns-is-layout-34142c5b wp-block-columns-is-layout-flex\">\n<div class=\"wp-block-column waterlava-animate waterlava-move-right waterlava-delay-5 is-layout-flow wp-container-core-column-is-layout-773c5fdb wp-block-column-is-layout-flow\" style=\"padding-top:0px;padding-right:0px;padding-bottom:0px;padding-left:0px\">\n<div class=\"wp-block-columns waterlava-animate waterlava-move-right waterlava-delay-1 is-layout-flex wp-container-core-columns-is-layout-28f84493 wp-block-columns-is-layout-flex\">\n<div class=\"wp-block-column is-layout-flow wp-block-column-is-layout-flow\" style=\"flex-basis:86.2%\">\n<div class=\"wp-block-media-text alignwide is-stacked-on-mobile is-vertically-aligned-center\" style=\"grid-template-columns:28% auto\"><figure class=\"wp-block-media-text__media\"><img decoding=\"async\" src=\"https:\/\/www.kimkosmetik.at\/wp-content\/themes\/waterlava\/assets\/img\/woman-skin-spa-beauty-nose-neck-1604350-pxhere.com.webp\" alt=\"\" class=\"wp-image-70 size-medium\"\/><\/figure><div class=\"wp-block-media-text__content\">\n<h2 class=\"wp-block-heading has-text-color\" style=\"color:#664750;margin-top:0px;margin-right:0px;margin-bottom:0px;margin-left:0px;font-size:30px;font-style:normal;font-weight:500\">Body Treatment mit Tiefenw\u00e4rme-Infrarot<\/h2>\n\n\n\n<p class=\"has-waterlava-ninth-color has-text-color\">Die Temperatur der Tiefenw\u00e4rme \/Infrarot liegt bei nur nur 50-60 oC und wirkt durchblutungsf\u00f6rdernd und Stoffwechselanregend und wird auch gegen Cellulite angewendet. Effekte: Durchblutung, Stoffwechsel und Fettabbau<\/p>\n<\/div><\/div>\n<\/div>\n\n\n\n<div class=\"wp-block-column is-vertically-aligned-center is-layout-flow wp-block-column-is-layout-flow\" style=\"flex-basis:33.33%\">\n<div class=\"wp-block-group is-layout-flow wp-block-group-is-layout-flow\">\n<div class=\"wp-block-columns is-layout-flex wp-container-core-columns-is-layout-28f84493 wp-block-columns-is-layout-flex\">\n<div class=\"wp-block-column is-layout-flow wp-block-column-is-layout-flow\">\n<div class=\"wp-block-group is-content-justification-right is-nowrap is-layout-flex wp-container-core-group-is-layout-8d747646 wp-block-group-is-layout-flex\">\n<h2 class=\"wp-block-heading has-waterlava-fifth-color has-text-color\" style=\"font-style:normal;font-weight:500\">\u20ac60<\/h2>\n\n\n\n<p class=\"has-waterlava-ninth-color has-text-color\" style=\"font-size:14px;font-style:normal;font-weight:300\">\/ 40 Min<\/p>\n<\/div>\n<\/div>\n<\/div>\n<\/div>\n<\/div>\n<\/div>\n\n\n\n<hr class=\"wp-block-separator has-text-color has-waterlava-seventh-color has-alpha-channel-opacity has-waterlava-seventh-background-color has-background is-style-wide waterlava-animate waterlava-move-right waterlava-delay-1\"\/>\n\n\n\n<div class=\"wp-block-columns waterlava-animate waterlava-move-right waterlava-delay-5 is-layout-flex wp-container-core-columns-is-layout-70457ddf wp-block-columns-is-layout-flex\" style=\"padding-top:0px\">\n<div class=\"wp-block-column is-layout-flow wp-block-column-is-layout-flow\" style=\"flex-basis:86.2%\">\n<div class=\"wp-block-media-text alignwide is-stacked-on-mobile is-vertically-aligned-center\" style=\"grid-template-columns:28% auto\"><figure class=\"wp-block-media-text__media\"><img decoding=\"async\" src=\"https:\/\/www.kimkosmetik.at\/wp-content\/themes\/waterlava\/assets\/img\/StockSnap_JJ4VAV1JZW.webp\" alt=\"\" class=\"wp-image-73 size-medium\"\/><\/figure><div class=\"wp-block-media-text__content\">\n<h2 class=\"wp-block-heading has-text-color\" style=\"color:#664750;margin-top:0px;margin-right:0px;margin-bottom:0px;margin-left:0px;font-size:30px;font-style:normal;font-weight:500\">Body mit Radiofrequenz<\/h2>\n\n\n\n<p class=\"has-waterlava-ninth-color has-text-color\">Bei einer Radiofrequenzbehandlung wird W\u00e4rme in tiefe Schichten des Gewebes eingebracht, welche zur Schrumpfung von alten elastinen- und kollagenen Fasern f\u00fchrt. Dies bedingt eine sofortige wie auch langfristige Hautstraffung. Effekte: Straffung und Fettpolsterabbau<\/p>\n<\/div><\/div>\n<\/div>\n\n\n\n<div class=\"wp-block-column is-vertically-aligned-center is-layout-flow wp-block-column-is-layout-flow\" style=\"flex-basis:33.33%\">\n<div class=\"wp-block-group is-layout-flow wp-block-group-is-layout-flow\">\n<div class=\"wp-block-columns is-layout-flex wp-container-core-columns-is-layout-28f84493 wp-block-columns-is-layout-flex\">\n<div class=\"wp-block-column is-layout-flow wp-block-column-is-layout-flow\">\n<div class=\"wp-block-group is-content-justification-right is-nowrap is-layout-flex wp-container-core-group-is-layout-8d747646 wp-block-group-is-layout-flex\">\n<h2 class=\"wp-block-heading has-waterlava-fifth-color has-text-color\" style=\"font-style:normal;font-weight:500\">\u20ac85<\/h2>\n\n\n\n<p class=\"has-waterlava-ninth-color has-text-color\" style=\"font-size:14px;font-style:normal;font-weight:300\">\/ 30 Min<\/p>\n<\/div>\n<\/div>\n<\/div>\n<\/div>\n<\/div>\n<\/div>\n\n\n\n<hr class=\"wp-block-separator has-text-color has-waterlava-seventh-color has-alpha-channel-opacity has-waterlava-seventh-background-color has-background is-style-wide waterlava-animate waterlava-move-right waterlava-delay-5\"\/>\n\n\n\n<div class=\"wp-block-columns waterlava-animate waterlava-move-right waterlava-delay-7 is-layout-flex wp-container-core-columns-is-layout-70457ddf wp-block-columns-is-layout-flex\" style=\"padding-top:0px\">\n<div class=\"wp-block-column is-layout-flow wp-block-column-is-layout-flow\" style=\"flex-basis:86.2%\">\n<div class=\"wp-block-media-text alignwide is-stacked-on-mobile is-vertically-aligned-center\" style=\"grid-template-columns:28% auto\"><figure class=\"wp-block-media-text__media\"><img decoding=\"async\" src=\"https:\/\/www.kimkosmetik.at\/wp-content\/themes\/waterlava\/assets\/img\/StockSnap_VH22RVC5UT.webp\" alt=\"\" class=\"wp-image-74 size-medium\"\/><\/figure><div class=\"wp-block-media-text__content\">\n<h2 class=\"wp-block-heading has-text-color\" style=\"color:#664750;margin-top:0px;margin-right:0px;margin-bottom:0px;margin-left:0px;font-size:30px;font-style:normal;font-weight:500\">Body Treatment mit RF und Ultraschall<\/h2>\n\n\n\n<p class=\"has-waterlava-ninth-color has-text-color\">Bei einer Behandlung mit Ultraschall werden Ihre Fettzellen in eine sehr schnelle Rotation versetzt, was zum Platzen und zur Aufl\u00f6sung der Fettzellen f\u00fchrt. Dies aufgel\u00f6sten Fettzellen werden von Ihrem K\u00f6rper durch das Lymphsystem dauerhaft abgebaut. Bei Radiofrequenz wirkt eine langfristige Hautstraffung Effekte: K\u00f6rperfettverbrennung, Energieverbrauch erh\u00f6hen und Hautstraffung.<\/p>\n<\/div><\/div>\n<\/div>\n\n\n\n<div class=\"wp-block-column is-vertically-aligned-center is-layout-flow wp-block-column-is-layout-flow\" style=\"flex-basis:33.33%\">\n<div class=\"wp-block-group is-layout-flow wp-block-group-is-layout-flow\">\n<div class=\"wp-block-columns is-layout-flex wp-container-core-columns-is-layout-28f84493 wp-block-columns-is-layout-flex\">\n<div class=\"wp-block-column is-layout-flow wp-block-column-is-layout-flow\">\n<div class=\"wp-block-group is-content-justification-right is-nowrap is-layout-flex wp-container-core-group-is-layout-8d747646 wp-block-group-is-layout-flex\">\n<h2 class=\"wp-block-heading has-waterlava-fifth-color has-text-color\" style=\"font-style:normal;font-weight:500\">\u20ac95<\/h2>\n\n\n\n<p class=\"has-waterlava-ninth-color has-text-color\" style=\"font-size:14px;font-style:normal;font-weight:300\">\/ 30 Min<\/p>\n<\/div>\n<\/div>\n<\/div>\n<\/div>\n<\/div>\n<\/div>\n\n\n\n<hr class=\"wp-block-separator has-text-color has-waterlava-seventh-color has-alpha-channel-opacity has-waterlava-seventh-background-color has-background is-style-wide waterlava-animate waterlava-move-right waterlava-delay-7\"\/>\n<\/div>\n\n\n\n<div class=\"wp-block-column waterlava-animate waterlava-move-left waterlava-delay-5 is-layout-flow wp-container-core-column-is-layout-75f10825 wp-block-column-is-layout-flow\" style=\"padding-top:0px;padding-right:0px;padding-bottom:0px;padding-left:30px\">\n<div class=\"wp-block-columns waterlava-animate waterlava-move-left waterlava-delay-1 is-layout-flex wp-container-core-columns-is-layout-28f84493 wp-block-columns-is-layout-flex\">\n<div class=\"wp-block-column is-layout-flow wp-block-column-is-layout-flow\" style=\"flex-basis:86.2%\">\n<div class=\"wp-block-media-text alignwide is-stacked-on-mobile is-vertically-aligned-center\" style=\"grid-template-columns:28% auto\"><figure class=\"wp-block-media-text__media\"><img decoding=\"async\" src=\"https:\/\/www.kimkosmetik.at\/wp-content\/themes\/waterlava\/assets\/img\/hand-woman-white-female-leg-young-634777-pxhere.com.webp\" alt=\"\" class=\"wp-image-75 size-medium\"\/><\/figure><div class=\"wp-block-media-text__content\">\n<h2 class=\"wp-block-heading has-text-color\" style=\"color:#664750;margin-top:0px;margin-right:0px;margin-bottom:0px;margin-left:0px;font-size:30px;font-style:normal;font-weight:500\">Body Treatment mit Cryolipolyse \u2013 cool Freeze<\/h2>\n\n\n\n<p class=\"has-waterlava-ninth-color has-text-color\">F\u00fcr eine Position. Effekte: Cryopipolyse \/Cool Freeze bietet dauerhafte Fettreduktion durch K\u00e4lteanwendung ohne Operation<\/p>\n<\/div><\/div>\n<\/div>\n\n\n\n<div class=\"wp-block-column is-vertically-aligned-center is-layout-flow wp-block-column-is-layout-flow\" style=\"flex-basis:33.33%\">\n<div class=\"wp-block-group is-layout-flow wp-block-group-is-layout-flow\">\n<div class=\"wp-block-columns is-layout-flex wp-container-core-columns-is-layout-28f84493 wp-block-columns-is-layout-flex\">\n<div class=\"wp-block-column is-layout-flow wp-block-column-is-layout-flow\">\n<div class=\"wp-block-group is-content-justification-right is-nowrap is-layout-flex wp-container-core-group-is-layout-8d747646 wp-block-group-is-layout-flex\">\n<h2 class=\"wp-block-heading has-waterlava-fifth-color has-text-color\" style=\"font-style:normal;font-weight:500\">\u20ac75<\/h2>\n\n\n\n<p class=\"has-waterlava-ninth-color has-text-color\" style=\"font-size:14px;font-style:normal;font-weight:300\">\/ 30 Min<\/p>\n<\/div>\n<\/div>\n<\/div>\n<\/div>\n<\/div>\n<\/div>\n\n\n\n<div class=\"wp-block-columns waterlava-animate waterlava-move-left waterlava-delay-1 is-layout-flex wp-container-core-columns-is-layout-28f84493 wp-block-columns-is-layout-flex\">\n<div class=\"wp-block-column is-layout-flow wp-block-column-is-layout-flow\" style=\"flex-basis:86.2%\">\n<div class=\"wp-block-media-text alignwide is-stacked-on-mobile is-vertically-aligned-center\" style=\"grid-template-columns:28% auto\"><figure class=\"wp-block-media-text__media\"><img decoding=\"async\" src=\"https:\/\/www.kimkosmetik.at\/wp-content\/themes\/waterlava\/assets\/img\/hand-woman-white-female-leg-young-634777-pxhere.com.webp\" alt=\"\" class=\"wp-image-75 size-medium\"\/><\/figure><div class=\"wp-block-media-text__content\">\n<h2 class=\"wp-block-heading has-text-color\" style=\"color:#664750;margin-top:0px;margin-right:0px;margin-bottom:0px;margin-left:0px;font-size:30px;font-style:normal;font-weight:500\">Klassische Nagellack mit Lichttherapie<\/h2>\n\n\n\n<p class=\"has-waterlava-ninth-color has-text-color\">F\u00fcr eine Position. Effekte: Cryopipolyse \/Cool Freeze bietet dauerhafte Fettreduktion durch K\u00e4lteanwendung ohne Operation<\/p>\n<\/div><\/div>\n<\/div>\n\n\n\n<div class=\"wp-block-column is-vertically-aligned-center is-layout-flow wp-block-column-is-layout-flow\" style=\"flex-basis:33.33%\">\n<div class=\"wp-block-group is-layout-flow wp-block-group-is-layout-flow\">\n<div class=\"wp-block-columns is-layout-flex wp-container-core-columns-is-layout-28f84493 wp-block-columns-is-layout-flex\">\n<div class=\"wp-block-column is-layout-flow wp-block-column-is-layout-flow\">\n<div class=\"wp-block-group is-content-justification-right is-nowrap is-layout-flex wp-container-core-group-is-layout-8d747646 wp-block-group-is-layout-flex\">\n<h2 class=\"wp-block-heading has-waterlava-fifth-color has-text-color\" style=\"font-style:normal;font-weight:500\">\u20ac30<\/h2>\n\n\n\n<p class=\"has-waterlava-ninth-color has-text-color\" style=\"font-size:14px;font-style:normal;font-weight:300\">\/ 15 Min<\/p>\n<\/div>\n<\/div>\n<\/div>\n<\/div>\n<\/div>\n<\/div>\n\n\n\n<div class=\"wp-block-columns waterlava-animate waterlava-move-left waterlava-delay-1 is-layout-flex wp-container-core-columns-is-layout-28f84493 wp-block-columns-is-layout-flex\">\n<div class=\"wp-block-column is-layout-flow wp-block-column-is-layout-flow\" style=\"flex-basis:86.2%\">\n<div class=\"wp-block-media-text alignwide is-stacked-on-mobile is-vertically-aligned-center\" style=\"grid-template-columns:28% auto\"><figure class=\"wp-block-media-text__media\"><img decoding=\"async\" src=\"https:\/\/www.kimkosmetik.at\/wp-content\/themes\/waterlava\/assets\/img\/hand-woman-white-female-leg-young-634777-pxhere.com.webp\" alt=\"\" class=\"wp-image-75 size-medium\"\/><\/figure><div class=\"wp-block-media-text__content\">\n<h2 class=\"wp-block-heading has-text-color\" style=\"color:#664750;margin-top:0px;margin-right:0px;margin-bottom:0px;margin-left:0px;font-size:30px;font-style:normal;font-weight:500\">N\u00e4geln schneiden, feilen<\/h2>\n\n\n\n<p class=\"has-waterlava-ninth-color has-text-color\">F\u00fcr eine Position. Effekte: Cryopipolyse \/Cool Freeze bietet dauerhafte Fettreduktion durch K\u00e4lteanwendung ohne Operation<\/p>\n<\/div><\/div>\n<\/div>\n\n\n\n<div class=\"wp-block-column is-vertically-aligned-center is-layout-flow wp-block-column-is-layout-flow\" style=\"flex-basis:33.33%\">\n<div class=\"wp-block-group is-layout-flow wp-block-group-is-layout-flow\">\n<div class=\"wp-block-columns is-layout-flex wp-container-core-columns-is-layout-28f84493 wp-block-columns-is-layout-flex\">\n<div class=\"wp-block-column is-layout-flow wp-block-column-is-layout-flow\">\n<div class=\"wp-block-group is-content-justification-right is-nowrap is-layout-flex wp-container-core-group-is-layout-8d747646 wp-block-group-is-layout-flex\">\n<h2 class=\"wp-block-heading has-waterlava-fifth-color has-text-color\" style=\"font-style:normal;font-weight:500\">\u20ac10<\/h2>\n\n\n\n<p class=\"has-waterlava-ninth-color has-text-color\" style=\"font-size:14px;font-style:normal;font-weight:300\"><\/p>\n<\/div>\n<\/div>\n<\/div>\n<\/div>\n<\/div>\n<\/div>\n<\/div>\n<\/div>\n<\/div>\n\n\n","protected":false},"excerpt":{"rendered":"<p>K\u00f6rperbehandlung Menu Laserbehandlung Effekte: Fettabbau und Straffung \u20ac55 \/ 30Min Aroma Cellulite Behandlung &#8211; Body wrapping Effekte: Entschlackung, Fettabbau, Straffung und Durchblutung \u20ac65 \/ 40Min Aroma Wickel f\u00fcr Bauch Effekte: Fettabbau, Straffung \u20ac55 \/ 40Min Mechanische Lymphdrainage Effekte: Durchblutung, Stoffwechsel und Cellulite Abbau \u20ac60 \/ 30Min Body Treatment mit Tiefenw\u00e4rme-Infrarot Die Temperatur der Tiefenw\u00e4rme \/Infrarot liegt bei nur nur 50-60 oC und wirkt durchblutungsf\u00f6rdernd und Stoffwechselanregend und wird auch gegen Cellulite angewendet. Effekte: Durchblutung, Stoffwechsel und Fettabbau \u20ac60 \/ 40 Min Body mit Radiofrequenz Bei einer Radiofrequenzbehandlung wird W\u00e4rme in tiefe Schichten des Gewebes eingebracht, welche zur Schrumpfung von alten<\/p>\n","protected":false},"author":1,"featured_media":0,"parent":0,"menu_order":0,"comment_status":"closed","ping_status":"closed","template":"","meta":{"om_disable_all_campaigns":false,"_monsterinsights_skip_tracking":false,"_monsterinsights_sitenote_active":false,"_monsterinsights_sitenote_note":"","_monsterinsights_sitenote_category":0,"footnotes":""},"class_list":["post-152","page","type-page","status-publish","hentry"],"jetpack_sharing_enabled":true,"_links":{"self":[{"href":"https:\/\/www.kimkosmetik.at\/de\/wp-json\/wp\/v2\/pages\/152","targetHints":{"allow":["GET"]}}],"collection":[{"href":"https:\/\/www.kimkosmetik.at\/de\/wp-json\/wp\/v2\/pages"}],"about":[{"href":"https:\/\/www.kimkosmetik.at\/de\/wp-json\/wp\/v2\/types\/page"}],"author":[{"embeddable":true,"href":"https:\/\/www.kimkosmetik.at\/de\/wp-json\/wp\/v2\/users\/1"}],"replies":[{"embeddable":true,"href":"https:\/\/www.kimkosmetik.at\/de\/wp-json\/wp\/v2\/comments?post=152"}],"version-history":[{"count":18,"href":"https:\/\/www.kimkosmetik.at\/de\/wp-json\/wp\/v2\/pages\/152\/revisions"}],"predecessor-version":[{"id":1955,"href":"https:\/\/www.kimkosmetik.at\/de\/wp-json\/wp\/v2\/pages\/152\/revisions\/1955"}],"wp:attachment":[{"href":"https:\/\/www.kimkosmetik.at\/de\/wp-json\/wp\/v2\/media?parent=152"}],"curies":[{"name":"wp","href":"https:\/\/api.w.org\/{rel}","templated":true}]}}