{"id":2058,"date":"2026-01-27T08:57:28","date_gmt":"2026-01-27T07:57:28","guid":{"rendered":"https:\/\/www.kimkosmetik.at\/?page_id=2058"},"modified":"2026-02-04T11:20:01","modified_gmt":"2026-02-04T10:20:01","slug":"kosmetik-ausbildung-wien","status":"publish","type":"page","link":"https:\/\/www.kimkosmetik.at\/de\/kosmetik-ausbildung-wien\/","title":{"rendered":"Ausbildung"},"content":{"rendered":"\n<div class=\"wp-block-group alignwide is-layout-constrained wp-block-group-is-layout-constrained\" style=\"margin-top:0;margin-bottom:0\"><\/div>\n\n\n\n<div class=\"wp-block-columns alignfull are-vertically-aligned-center is-not-stacked-on-mobile has-xsmall-font-size is-layout-flex wp-container-core-columns-is-layout-2e6ea040 wp-block-columns-is-layout-flex\" style=\"margin-top:0;margin-bottom:0;padding-top:0;padding-right:0;padding-bottom:var(--wp--preset--spacing--70);padding-left:0\">\n<div class=\"wp-block-column is-vertically-aligned-center is-layout-flow wp-block-column-is-layout-flow\" style=\"padding-top:0;padding-right:0;padding-bottom:0;padding-left:0;flex-basis:48%\">\n<hr class=\"wp-block-separator has-alpha-channel-opacity is-style-wide\"\/>\n<\/div>\n\n\n\n<div class=\"wp-block-column is-vertically-aligned-center is-layout-flow wp-block-column-is-layout-flow\" style=\"padding-top:0;padding-right:0;padding-bottom:0;padding-left:0;flex-basis:320px\">\n<p class=\"has-text-align-center has-tiny-plus-font-size\" style=\"font-style:normal;font-weight:600\"><\/p>\n<\/div>\n\n\n\n<div class=\"wp-block-column is-vertically-aligned-center is-layout-flow wp-block-column-is-layout-flow\" style=\"padding-top:0;padding-right:0;padding-bottom:0;padding-left:0;flex-basis:48%\">\n<hr class=\"wp-block-separator has-alpha-channel-opacity is-style-wide\"\/>\n<\/div>\n<\/div>\n\n\n\n\n\n<div class=\"wp-block-group less-space-on-mobile resize-text-centered is-layout-constrained wp-container-core-group-is-layout-0f05ff6d wp-block-group-is-layout-constrained\" style=\"padding-top:30px;padding-right:0px;padding-bottom:30px;padding-left:0px\">\n<div class=\"wp-block-columns is-layout-flex wp-container-core-columns-is-layout-28f84493 wp-block-columns-is-layout-flex\">\n<div class=\"wp-block-column is-layout-flow wp-block-column-is-layout-flow\">\n<div class=\"wp-block-group is-layout-constrained wp-container-core-group-is-layout-6ec501fb wp-block-group-is-layout-constrained\">\n<p class=\"has-text-align-center waterlava-animate waterlava-move-down waterlava-delay-5 has-waterlava-ninth-color has-text-color\" style=\"font-size:14px;font-style:normal;font-weight:400;line-height:2\">Durch das steigende Bewusstsein f\u00fcr Wohlbefinden, die Digitalisierung und den Megatrend Nachhaltigkeit w\u00e4chst die Kosmetikbranche rasant und unaufh\u00f6rlich weiter \u2013 und das weltweit. Besonderes Hauptaugenmerk liegt dabei auf individueller Pflege mit hochwertigen Produkten f\u00fcr eine nat\u00fcrliche Frische. Bestens ausgebildete Sch\u00f6nheitsexperten, die ihren Kunden ma\u00dfgeschneiderte und wirksame Anwendungen bieten, sind gefragter denn je. Die Entscheidung f\u00fcr eine Kosmetik Ausbildung in Wien ist eine Entscheidung f\u00fcr einen erfolgreichen Beruf mit Zukunft.<\/p>\n<\/div>\n<\/div>\n<\/div>\n<\/div>\n\n\n\n<div class=\"wp-block-group alignfull resize-text center-text resize-image reverse-order-mobile vertically-align-items is-layout-flow wp-block-group-is-layout-flow\" style=\"padding-top:var(--wp--preset--spacing--60);padding-right:var(--wp--preset--spacing--60);padding-bottom:var(--wp--preset--spacing--60);padding-left:var(--wp--preset--spacing--60)\">\n<div class=\"wp-block-columns alignwide is-layout-flex wp-container-core-columns-is-layout-28f84493 wp-block-columns-is-layout-flex\">\n<div class=\"wp-block-column is-layout-flow wp-block-column-is-layout-flow\" style=\"border-style:none;border-width:0px;padding-top:0;padding-right:0;padding-bottom:0;padding-left:0;flex-basis:50%\">\n<figure class=\"wp-block-image aligncenter size-full is-resized\"><img decoding=\"async\" width=\"683\" height=\"1024\" src=\"https:\/\/www.kimkosmetik.at\/wp-content\/uploads\/2026\/01\/kk-u-ausbildung-e3-b1.webp\" alt=\"\" class=\"wp-image-2078\" srcset=\"https:\/\/www.kimkosmetik.at\/wp-content\/uploads\/2026\/01\/kk-u-ausbildung-e3-b1.webp 683w, https:\/\/www.kimkosmetik.at\/wp-content\/uploads\/2026\/01\/kk-u-ausbildung-e3-b1-200x300.webp 200w, https:\/\/www.kimkosmetik.at\/wp-content\/uploads\/2026\/01\/kk-u-ausbildung-e3-b1-8x12.webp 8w\" sizes=\"(max-width: 683px) 100vw, 683px\" \/><\/figure>\n<\/div>\n\n\n\n<div class=\"wp-block-column is-vertically-aligned-center is-layout-flow wp-block-column-is-layout-flow\" style=\"flex-basis:33%\">\n<h2 class=\"wp-block-heading\">Unsere Ausbildungsvielfalt<\/h2>\n\n\n\n<p>Die M\u00f6glichkeiten f\u00fcr eine Kosmetik Ausbildung in Wien sind sehr vielf\u00e4ltig, wobei bei der Auswahl besonders auf die Hochwertigkeit sowie einen anerkannten Abschluss geachtet werden sollte. Mit einem erfolgreich abgeschlossenen Diplomlehrgang f\u00fcr Kosmetik sind Sie dazu bef\u00e4higt verschiedene T\u00e4tigkeiten in der Sch\u00f6nheitsbranche wie beispielsweise in Kosmetikstudios, Apotheken, Reformh\u00e4usern, Gesundheitszentren oder auch Wellnesshotels anzubieten.<\/p>\n\n\n\n<p>Wir von Kim Kosmetik legen gro\u00dfen Wert darauf, bei unserer Kosmetik Ausbildung in Wien berufsbegleitend und praxisorientiert zu agieren und den Auszubildenden mit verschiedenen Trainingsinhalten und einer famili\u00e4ren Umgebung die beste Qualifizierung f\u00fcr ihren beruflichen Erfolg in der Kosmetikbranche zu bieten.<\/p>\n\n\n\n<p>Unser Kursangebot f\u00fcr eine Kosmetik Ausbildung in Wien ist vielseitig aufgebaut und richtet sich sowohl an Einsteigerinnen als auch an Fortgeschrittene. Die umfassende theoretische und praktische Ausbildung sowie praxisnahe Intensivkurse unserer Kosmetik-Diplomlehrg\u00e4nge bereiten unsere Teilnehmer gezielt auf den Berufsalltag vor. Zus\u00e4tzlich bieten wir Vorbereitungskurse f\u00fcr die Bef\u00e4higungspr\u00fcfung an, die sowohl im Gruppenunterricht als auch in Einzelsettings durchgef\u00fchrt werden k\u00f6nnen. F\u00fcr maximale Flexibilit\u00e4t stehen berufsbegleitende Fernunterrichtsmodelle mit geblockten Praxiseinheiten zur Verf\u00fcgung. Unsere internationalen, stark praxisorientierten Intensivkurse richten sich speziell an Teilnehmer aus Italien und Spanien. In kompakten Modulen setzen wir unseren Fokus auf Gesichtsbehandlungen und moderne Anwendungsmethoden und im Bereich Make-up bieten wir Basis- und Aufbaukurse sowie Tages- und Einzeltrainings. Spezialisierte Kurse wie Bodywrapping und Aromawickel, die Theorie und Praxis kombinieren, runden das Angebot perfekt ab. In all unseren Kursen f\u00fcr eine Kosmetik Ausbildung in Wien legen wir gro\u00dfen Wert auf fundiertes Fachwissen, praktische Anwendung und professionelle Qualifikationen.<\/p>\n\n\n\n<p><\/p>\n<\/div>\n<\/div>\n<\/div>\n\n\n\n<div class=\"wp-block-group alignfull resize-text center-text resize-image vertically-align-items is-layout-flow wp-block-group-is-layout-flow\" id=\"seo-ausbildung-e4\" style=\"padding-top:var(--wp--preset--spacing--60);padding-right:var(--wp--preset--spacing--60);padding-bottom:var(--wp--preset--spacing--60);padding-left:var(--wp--preset--spacing--60)\">\n<div class=\"wp-block-columns alignwide is-layout-flex wp-container-core-columns-is-layout-28f84493 wp-block-columns-is-layout-flex\">\n<div class=\"wp-block-column is-vertically-aligned-center is-layout-flow wp-block-column-is-layout-flow\" style=\"flex-basis:33%\">\n<h2 class=\"wp-block-heading\">Kursaufbau &amp; Inhalte<\/h2>\n\n\n\n<p>Unsere Trainingsinhalte f\u00fcr eine umfassende und praxisnahe Kosmetik Ausbildung in Wien vermitteln eine fundierte Grundlage f\u00fcr das erfolgreiche Fu\u00dffassen in der Kosmetikbranche. Interessante medizinische Wissensinhalte zu Anatomie, Somatologie, Dermatologie und Histologie vertiefen das Verst\u00e4ndnis f\u00fcr den K\u00f6rper und die Hautstruktur und bilden so die perfekte Basis. Kenntnisse aus Physik und Chemie vertiefen das essenzielle Verst\u00e4ndnis f\u00fcr kosmetische Wirkstoffe, Ger\u00e4te und Anwendungen.<\/p>\n\n\n\n<p>Ein weiterer Schwerpunkt liegt auf Kr\u00e4uter- und Ern\u00e4hrungslehre, wodurch Zusammenh\u00e4nge zwischen Lebensweise, Ern\u00e4hrung und das Hautbild verst\u00e4ndlich gemacht werden. Um ein sicheres und verantwortungsbewusstes Arbeiten im Studioalltag zu gew\u00e4hrleisten, wird zudem besonders viel Wert auf Themen wie Unfallverh\u00fctung, Erste Hilfe und Arbeitshygiene gelegt.<\/p>\n\n\n\n<p>Im praktischen Teil stehen vor allem pflegende Kosmetikbehandlungen wie Hautanalyse mittels Sicht- und Tastbefund, professionelle Hautreinigung sowie individuell abgestimmte Pflegekonzepte im Mittelpunkt. Zus\u00e4tzlich werden Techniken wie beispielsweise manuelle Lymphdrainage, verschiedene Modellagen, Packungen und Masken intensiv ge\u00fcbt. Apparative Kosmetik sowie kosmetische K\u00f6rper- und Spezialbehandlungen sind ebenfalls Teil unserer Kosmetik Ausbildung in Wien. Dekorative Kosmetik und Enthaarungsmethoden runden unser Trainingsprogramm ab. Das Ziel unserer Ausbildung ist es, sowohl theoretisches Fachwissen als auch sichere praktische Fertigkeiten zu lehren, damit Sie Ihre zuk\u00fcnftigen Kunden kompetent und professionell betreuen k\u00f6nnen.<\/p>\n\n\n\n<p><\/p>\n<\/div>\n\n\n\n<div class=\"wp-block-column is-layout-flow wp-block-column-is-layout-flow\" style=\"border-style:none;border-width:0px;padding-top:0;padding-right:0;padding-bottom:0;padding-left:0;flex-basis:50%\">\n<figure class=\"wp-block-image aligncenter size-full is-resized\"><img decoding=\"async\" width=\"683\" height=\"1024\" src=\"https:\/\/www.kimkosmetik.at\/wp-content\/uploads\/2026\/01\/kk-u-ausbildung-e4-b1.webp\" alt=\"\" class=\"wp-image-2079\" srcset=\"https:\/\/www.kimkosmetik.at\/wp-content\/uploads\/2026\/01\/kk-u-ausbildung-e4-b1.webp 683w, https:\/\/www.kimkosmetik.at\/wp-content\/uploads\/2026\/01\/kk-u-ausbildung-e4-b1-200x300.webp 200w, https:\/\/www.kimkosmetik.at\/wp-content\/uploads\/2026\/01\/kk-u-ausbildung-e4-b1-8x12.webp 8w\" sizes=\"(max-width: 683px) 100vw, 683px\" \/><\/figure>\n<\/div>\n<\/div>\n<\/div>\n\n\n\n<div class=\"wp-block-group resize-text-centered is-layout-constrained wp-container-core-group-is-layout-6942604e wp-block-group-is-layout-constrained\" style=\"padding-top:100px;padding-right:0px;padding-bottom:100px;padding-left:0px\">\n<div class=\"wp-block-columns is-layout-flex wp-container-core-columns-is-layout-28f84493 wp-block-columns-is-layout-flex\">\n<div class=\"wp-block-column is-layout-flow wp-block-column-is-layout-flow\">\n<div class=\"wp-block-group is-layout-constrained wp-container-core-group-is-layout-6ec501fb wp-block-group-is-layout-constrained\">\n<h2 class=\"wp-block-heading has-text-align-center\">Realisieren Sie Ihren Traumberuf<\/h2>\n\n\n\n<p class=\"has-text-align-center waterlava-animate waterlava-move-down waterlava-delay-5 has-waterlava-ninth-color has-text-color\" style=\"font-size:14px;font-style:normal;font-weight:400;line-height:2\">Tauchen Sie mit uns ein in die faszinierende Welt der Kosmetik und werden Sie mithilfe unserer fundierten Ausbildung Teil einer Branche, die sich stetig weiterentwickelt und eine gro\u00dfartige Chance f\u00fcr beruflichen Erfolg und Erf\u00fcllung bietet. Genie\u00dfen Sie mit Kim Kosmetik erfahrene Experten an Ihrer Seite, die nicht nur wertvolles Wissen vermitteln, sondern zudem viel Wert auf Praxisn\u00e4he und ein famili\u00e4res Umfeld legen. Entdecken Sie Ihr Potenzial und entwickeln Sie Ihre F\u00e4higkeiten in einem Umfeld, das Lernen, Leidenschaft und professionelle Anwendung perfekt miteinander verbindet. Mit unserer Kosmetik Ausbildung in Wien legen Sie den Grundstein f\u00fcr eine erfolgreiche und erf\u00fcllende Karriere in einer vielseitigen und zukunftssicheren Branche.<\/p>\n<\/div>\n<\/div>\n<\/div>\n<\/div>\n\n\n\n\n","protected":false},"excerpt":{"rendered":"<p>Durch das steigende Bewusstsein f\u00fcr Wohlbefinden, die Digitalisierung und den Megatrend Nachhaltigkeit w\u00e4chst die Kosmetikbranche rasant und unaufh\u00f6rlich weiter \u2013 und das weltweit. Besonderes Hauptaugenmerk liegt dabei auf individueller Pflege mit hochwertigen Produkten f\u00fcr eine nat\u00fcrliche Frische. Bestens ausgebildete Sch\u00f6nheitsexperten, die ihren Kunden ma\u00dfgeschneiderte und wirksame Anwendungen bieten, sind gefragter denn je. Die Entscheidung f\u00fcr eine Kosmetik Ausbildung in Wien ist eine Entscheidung f\u00fcr einen erfolgreichen Beruf mit Zukunft. Unsere Ausbildungsvielfalt Die M\u00f6glichkeiten f\u00fcr eine Kosmetik Ausbildung in Wien sind sehr vielf\u00e4ltig, wobei bei der Auswahl besonders auf die Hochwertigkeit sowie einen anerkannten Abschluss geachtet werden sollte. Mit einem erfolgreich<\/p>\n","protected":false},"author":1,"featured_media":0,"parent":0,"menu_order":0,"comment_status":"closed","ping_status":"closed","template":"","meta":{"om_disable_all_campaigns":false,"_monsterinsights_skip_tracking":false,"_monsterinsights_sitenote_active":false,"_monsterinsights_sitenote_note":"","_monsterinsights_sitenote_category":0,"footnotes":""},"class_list":["post-2058","page","type-page","status-publish","hentry"],"jetpack_sharing_enabled":true,"_links":{"self":[{"href":"https:\/\/www.kimkosmetik.at\/de\/wp-json\/wp\/v2\/pages\/2058","targetHints":{"allow":["GET"]}}],"collection":[{"href":"https:\/\/www.kimkosmetik.at\/de\/wp-json\/wp\/v2\/pages"}],"about":[{"href":"https:\/\/www.kimkosmetik.at\/de\/wp-json\/wp\/v2\/types\/page"}],"author":[{"embeddable":true,"href":"https:\/\/www.kimkosmetik.at\/de\/wp-json\/wp\/v2\/users\/1"}],"replies":[{"embeddable":true,"href":"https:\/\/www.kimkosmetik.at\/de\/wp-json\/wp\/v2\/comments?post=2058"}],"version-history":[{"count":26,"href":"https:\/\/www.kimkosmetik.at\/de\/wp-json\/wp\/v2\/pages\/2058\/revisions"}],"predecessor-version":[{"id":2198,"href":"https:\/\/www.kimkosmetik.at\/de\/wp-json\/wp\/v2\/pages\/2058\/revisions\/2198"}],"wp:attachment":[{"href":"https:\/\/www.kimkosmetik.at\/de\/wp-json\/wp\/v2\/media?parent=2058"}],"curies":[{"name":"wp","href":"https:\/\/api.w.org\/{rel}","templated":true}]}}