{"id":866,"date":"2023-04-07T15:36:32","date_gmt":"2023-04-07T13:36:32","guid":{"rendered":"https:\/\/www.kimkosmetik.at\/?page_id=866"},"modified":"2023-04-20T14:40:06","modified_gmt":"2023-04-20T12:40:06","slug":"agb","status":"publish","type":"page","link":"https:\/\/www.kimkosmetik.at\/de\/agb\/","title":{"rendered":"AGB"},"content":{"rendered":"\n<p><strong>Hier finden Sie unsere Allgemeinen Gesch\u00e4ftsbedingungen (AGB)<\/strong>.<\/p>\n\n\n\n<p><\/p>\n\n\n\n<p><strong>Widerrufsrecht \/ Stornierung \/ Verbraucherhinweise gem. Fernabsatzbestimmungen \/Widerrufsbelehrung<\/strong><strong><\/strong><\/p>\n\n\n\n<p>1.1 Vertragsabschl\u00fcsse im Fernabsatz: Der Verbraucher kann von einem im Fernabsatz geschlossenen Vertrag oder einer im Fernabsatz abgegebenen Vertragserkl\u00e4rung bis zum Ablauf der in Abs. 4.2 genannten Frist zur\u00fccktreten. Es gen\u00fcgt, wenn die R\u00fccktrittserkl\u00e4rung innerhalb der Frist abgesendet wird. F\u00fcr Unternehmer hingegen (jede nat\u00fcrliche, juristische Person oder Personengesellschaft), die im Gegensatz zum Verbraucher, gewerblich oder beruflich selbstst\u00e4ndig t\u00e4tig ist, besteht kein Widerrufsrecht. <\/p>\n\n\n\n<p>1.2 Die R\u00fccktrittsfrist:<\/p>\n\n\n\n<p>1.2.1 Storno vier Wochen vor Kursbeginn: -50% von Kurskosten<\/p>\n\n\n\n<p>1.2.2 Storno zwei Wochen vor Kursbeginn: -70% von Kurskosten<\/p>\n\n\n\n<p>1.2.3 Storno eine Woche vor Kursbeginn: -100% von Kurskosten<\/p>\n\n\n\n<p><strong>Hinweis:<\/strong>&nbsp;Bei der Aktivierung Ihres Accounts handelt es sich ausschlie\u00dflich um digitale Inhalte. Die Online Lieferung ist abh\u00e4ngig von der von Ihnen gew\u00e4hlten Zahlungsmethode. Wenn Sie Sofort\u00fcberweisung, Kreditkarte bzw. Ratenzahlung \u00fcber Cashpresso w\u00e4hlen, haben Sie sofort Zugang zu dem Aktivierungscode (Sofortdownload ESD Artikel), in diesem Fall verlieren Sie sofort Ihr Widerrufsrecht. Bei Vorkasse erhalten Sie nach Erhalt der Zahlung (Teilzahlung, Gesamtzahlung) Zugang zu dem Aktivierungscode (Sofortdownload ESD Artikel). Meistens bereits innerhalb der R\u00fccktrittsfrist von vierzehn Tagen. Wenn Sie uns nach erfolgter Buchung bzw. Zahlung, bevor wir die Online Lieferung des Aktivierungscodes und somit Zugriff zu s\u00e4mtlichen digitalen Inhalten auf der Plattform E-Learning durchgef\u00fchrt haben, per Mail an &nbsp;info@kimkosmetik.at informieren, dass die Online Lieferung erst nach Ende der Widerrufsfrist erfolgen soll, bleibt das Widerrufsrecht von 14 Tagen vollst\u00e4ndig aufrecht. Wenn Sie uns kein Mail \u00fcbermitteln, erkl\u00e4ren Sie unwiderruflich Ihre Zustimmung das wir nach Erhalt der Anzahlung oder des Gesamtbetrages mit der Online Lieferung beginnen k\u00f6nnen. Ein Widerrufsrecht besteht bei digitalen Inhalten nicht, wenn wir vor Ablauf der Widerrufsfrist mit Ihrer Zustimmung mit der Ausf\u00fchrung des Vertrages beginnen. Aufgrund dieser Zustimmung verlieren Sie mit Beginn der Ausf\u00fchrung des Vertrages Ihr Widerrufsrecht. Sie k\u00f6nnen also ihr Widerrufsrecht bei der sofortigen Online\u2010Lieferung von Dateien ab dem Zeitpunkt nicht aus\u00fcben, zu dem Ihnen die bestellte(n) Datei(en) \u00fcbermittelt oder zug\u00e4nglich gemacht worden ist\/sind.<\/p>\n\n\n\n<p>1.3 Der Kunde muss uns mit einer eindeutigen Erkl\u00e4rung (z.B.: ein mit der Post versandter Brief, oder E-Mail an info@kimkosmetik.at) \u00fcber seinen Entschluss, diesen Vertrag zu widerrufen, informieren, ein telefonischer Widerruf ist ausnahmslos nicht m\u00f6glich. Sie k\u00f6nnen auch ein Muster Widerrufsformular unter der Internetadresse https:\/\/www.kimkosmetik.at\/agb\/ elektronisch ausf\u00fcllen und per direkten Upload auf unserer Homepage an uns \u00fcbermitteln. Wenn Sie als Verbraucher eine R\u00fccktrittserkl\u00e4rung auf diese Weise abgeben, so sind wir als Unternehmer verpflichtet unverz\u00fcglich eine Best\u00e4tigung \u00fcber den Eingang der R\u00fccktrittserkl\u00e4rung auf einem dauerhaften Datentr\u00e4ger zu \u00fcbermitteln.<\/p>\n\n\n\n<p>1.4. Unsere AGB sowie das Widerrufsrecht bzw. Datenschutzerkl\u00e4rung m\u00fcssen vor Abschluss des Bestellvorganges akzeptiert werden, Akzept erfolgt im Zuge des Bestellvorganges im Warenkorb unter Punkt 3 (Pr\u00fcfen und Bestellen), andernfalls ist eine Bestellung nicht m\u00f6glich.<\/p>\n\n\n\n<p>1.5. Bei einer sp\u00e4teren Abmeldung, bei Abmeldung nach Beginn oder Abbruch auch krankheitsbedingt ist der gesamte Beitrag f\u00e4llig. Eine \u00dcbertragung der Ausbildung auf eine andere Person, ist bei einem Kurs oder Fernstudium ausnahmslos nicht m\u00f6glich. Wenn Sie die Ausbildung nicht beenden oder nicht absolvieren, stellt das keine Benachteiligung im Sinne des \u00a7 879 ABGB dar. Es liegt keine Ungleichgewichtslage vor, da unser Unternehmen die Leistung erbringen w\u00fcrde bzw. erbracht h\u00e4tte. Der Kunde bzw. Absolvent best\u00e4tigt ausdr\u00fccklich und unwiderruflich, dass er nicht unverh\u00e4ltnism\u00e4\u00dfig belastet und gr\u00f6blich benachteiligt wird und diese Klauseln (4.1. bis 4.5.) keinen Versto\u00df gegen \u00a7 879 Abs. 3 ABGB darstellen. Keinesfalls kann es dazu f\u00fchren, dass die gegenst\u00e4ndlichen Klauseln nichtig sind, w\u00e4hrend der \u00fcbrige Vertrag bestehen bleibt. (Koziol\/Bydlinski\/Bollenberger, Kurzkommentar zum ABGB4 Rz 30 mwN). Dem Kunden bzw. Absolventen geb\u00fchrt daher in analoger Anwendung des \u00a7 1168 ABGB jedenfalls ausnahmslos keine R\u00fcckzahlung.<\/p>\n\n\n\n<p>1.6 <\/p>\n","protected":false},"excerpt":{"rendered":"<p>Hier finden Sie unsere Allgemeinen Gesch\u00e4ftsbedingungen (AGB). Widerrufsrecht \/ Stornierung \/ Verbraucherhinweise gem. Fernabsatzbestimmungen \/Widerrufsbelehrung 1.1 Vertragsabschl\u00fcsse im Fernabsatz: Der Verbraucher kann von einem im Fernabsatz geschlossenen Vertrag oder einer im Fernabsatz abgegebenen Vertragserkl\u00e4rung bis zum Ablauf der in Abs. 4.2 genannten Frist zur\u00fccktreten. Es gen\u00fcgt, wenn die R\u00fccktrittserkl\u00e4rung innerhalb der Frist abgesendet wird. F\u00fcr Unternehmer hingegen (jede nat\u00fcrliche, juristische Person oder Personengesellschaft), die im Gegensatz zum Verbraucher, gewerblich oder beruflich selbstst\u00e4ndig t\u00e4tig ist, besteht kein Widerrufsrecht. 1.2 Die R\u00fccktrittsfrist: 1.2.1 Storno vier Wochen vor Kursbeginn: -50% von Kurskosten 1.2.2 Storno zwei Wochen vor Kursbeginn: -70% von Kurskosten 1.2.3 Storno<\/p>\n","protected":false},"author":1,"featured_media":0,"parent":0,"menu_order":0,"comment_status":"closed","ping_status":"closed","template":"","meta":{"om_disable_all_campaigns":false,"_monsterinsights_skip_tracking":false,"_monsterinsights_sitenote_active":false,"_monsterinsights_sitenote_note":"","_monsterinsights_sitenote_category":0,"footnotes":""},"class_list":["post-866","page","type-page","status-publish","hentry"],"jetpack_sharing_enabled":true,"_links":{"self":[{"href":"https:\/\/www.kimkosmetik.at\/de\/wp-json\/wp\/v2\/pages\/866","targetHints":{"allow":["GET"]}}],"collection":[{"href":"https:\/\/www.kimkosmetik.at\/de\/wp-json\/wp\/v2\/pages"}],"about":[{"href":"https:\/\/www.kimkosmetik.at\/de\/wp-json\/wp\/v2\/types\/page"}],"author":[{"embeddable":true,"href":"https:\/\/www.kimkosmetik.at\/de\/wp-json\/wp\/v2\/users\/1"}],"replies":[{"embeddable":true,"href":"https:\/\/www.kimkosmetik.at\/de\/wp-json\/wp\/v2\/comments?post=866"}],"version-history":[{"count":5,"href":"https:\/\/www.kimkosmetik.at\/de\/wp-json\/wp\/v2\/pages\/866\/revisions"}],"predecessor-version":[{"id":915,"href":"https:\/\/www.kimkosmetik.at\/de\/wp-json\/wp\/v2\/pages\/866\/revisions\/915"}],"wp:attachment":[{"href":"https:\/\/www.kimkosmetik.at\/de\/wp-json\/wp\/v2\/media?parent=866"}],"curies":[{"name":"wp","href":"https:\/\/api.w.org\/{rel}","templated":true}]}}