{"id":870,"date":"2023-04-07T15:46:14","date_gmt":"2023-04-07T13:46:14","guid":{"rendered":"https:\/\/www.kimkosmetik.at\/?page_id=870"},"modified":"2023-04-14T18:24:45","modified_gmt":"2023-04-14T16:24:45","slug":"impressum","status":"publish","type":"page","link":"https:\/\/www.kimkosmetik.at\/de\/impressum\/","title":{"rendered":"Impressum"},"content":{"rendered":"\n<h2 class=\"wp-block-heading\">Wer wir sind<\/h2>\n\n\n\n<figure class=\"wp-block-image\"><img decoding=\"async\" src=\"https:\/\/lh5.googleusercontent.com\/mm4tZIc6lmZyzoEm8QjxkB9eFJJsllwQGRRojz5ut3QHayCYiNcuR2OiGapEz35IMLW-TN2yzmWvdTKO711NlS9Y1BCbZPKxxjQVkeMS4GzAZ4FsIFEbITs1FTndwQzQIiBcgGhwORakv_lc8TG5mw\" alt=\"D:\\DATEN\\Kim\\Desktop\\KOSMETIK LEHRGANG\\BILDER\\logo.JPG\"\/><\/figure>\n\n\n\n<p>Kim Dung DINH, MBA<\/p>\n\n\n\n<p>Inhaberin<\/p>\n\n\n\n<p>Csokorgasse 4\/27<\/p>\n\n\n\n<p>1110 Wien<\/p>\n\n\n\n<p><strong>Telefon:<\/strong>&nbsp;+43 699 1999 5089<\/p>\n\n\n\n<p><strong>Mail:<\/strong>&nbsp;info@kimkosmetik.at<\/p>\n\n\n\n<p><strong>Internet:<\/strong>&nbsp;<a href=\"http:\/\/www.kimkosmetik.at\">www.kimkosmetik.at<\/a><\/p>\n\n\n\n<h2 class=\"wp-block-heading\">Register<\/h2>\n\n\n\n<p>Magistrat der Stadt Wien, MBA 3\/11<\/p>\n\n\n\n<p>GISA-Zahl: 35903864<\/p>\n\n\n\n<h2 class=\"wp-block-heading\"><strong>Copyright<\/strong><\/h2>\n\n\n\n<p>Alle Rechte vorbehalten. Vervielf\u00e4ltigung von Texten und Daten einschlie\u00dflich Speicherung und Nutzung auf optischen und elektronischen Datentr\u00e4gern nur im vertraglich vereinbarten Rahmen oder mit vorheriger Zustimmung der Kim Kosmetik \u2013 Kim Dung DINH, MBA, Inhaberin. Die Verwertung von Daten inklusive Online-Dienste, Databases oder Websites durch unberechtigte Dritte ist untersagt.<\/p>\n\n\n\n<h2 class=\"wp-block-heading\"><strong>Haftungsausschluss<\/strong><\/h2>\n\n\n\n<p>Die Kim Kosmetik \u2013 Kim Dung DINH haftet nicht f\u00fcr Sch\u00e4den, die aus inkorrekten oder versp\u00e4teten Inhalten oder aus Handlungen resultieren, die im Vertrauen auf die Richtigkeit des Inhaltes get\u00e4tigt wurden.<br><br><\/p>\n","protected":false},"excerpt":{"rendered":"<p>Wer wir sind Kim Dung DINH, MBA Inhaberin Csokorgasse 4\/27 1110 Wien Telefon:&nbsp;+43 699 1999 5089 Mail:&nbsp;info@kimkosmetik.at Internet:&nbsp;www.kimkosmetik.at Register Magistrat der Stadt Wien, MBA 3\/11 GISA-Zahl: 35903864 Copyright Alle Rechte vorbehalten. Vervielf\u00e4ltigung von Texten und Daten einschlie\u00dflich Speicherung und Nutzung auf optischen und elektronischen Datentr\u00e4gern nur im vertraglich vereinbarten Rahmen oder mit vorheriger Zustimmung der Kim Kosmetik \u2013 Kim Dung DINH, MBA, Inhaberin. Die Verwertung von Daten inklusive Online-Dienste, Databases oder Websites durch unberechtigte Dritte ist untersagt. Haftungsausschluss Die Kim Kosmetik \u2013 Kim Dung DINH haftet nicht f\u00fcr Sch\u00e4den, die aus inkorrekten oder versp\u00e4teten Inhalten oder aus Handlungen resultieren, die<\/p>\n","protected":false},"author":1,"featured_media":0,"parent":0,"menu_order":0,"comment_status":"closed","ping_status":"closed","template":"","meta":{"om_disable_all_campaigns":false,"_monsterinsights_skip_tracking":false,"_monsterinsights_sitenote_active":false,"_monsterinsights_sitenote_note":"","_monsterinsights_sitenote_category":0,"footnotes":""},"class_list":["post-870","page","type-page","status-publish","hentry"],"jetpack_sharing_enabled":true,"_links":{"self":[{"href":"https:\/\/www.kimkosmetik.at\/de\/wp-json\/wp\/v2\/pages\/870","targetHints":{"allow":["GET"]}}],"collection":[{"href":"https:\/\/www.kimkosmetik.at\/de\/wp-json\/wp\/v2\/pages"}],"about":[{"href":"https:\/\/www.kimkosmetik.at\/de\/wp-json\/wp\/v2\/types\/page"}],"author":[{"embeddable":true,"href":"https:\/\/www.kimkosmetik.at\/de\/wp-json\/wp\/v2\/users\/1"}],"replies":[{"embeddable":true,"href":"https:\/\/www.kimkosmetik.at\/de\/wp-json\/wp\/v2\/comments?post=870"}],"version-history":[{"count":3,"href":"https:\/\/www.kimkosmetik.at\/de\/wp-json\/wp\/v2\/pages\/870\/revisions"}],"predecessor-version":[{"id":892,"href":"https:\/\/www.kimkosmetik.at\/de\/wp-json\/wp\/v2\/pages\/870\/revisions\/892"}],"wp:attachment":[{"href":"https:\/\/www.kimkosmetik.at\/de\/wp-json\/wp\/v2\/media?parent=870"}],"curies":[{"name":"wp","href":"https:\/\/api.w.org\/{rel}","templated":true}]}}