{"id":2091,"date":"2026-01-27T10:17:26","date_gmt":"2026-01-27T09:17:26","guid":{"rendered":"https:\/\/www.kimkosmetik.at\/?page_id=2091"},"modified":"2026-02-04T11:19:24","modified_gmt":"2026-02-04T10:19:24","slug":"kosmetik-in-wien","status":"publish","type":"page","link":"https:\/\/www.kimkosmetik.at\/en\/kosmetik-in-wien\/","title":{"rendered":"Kosmetik"},"content":{"rendered":"<div class=\"wp-block-group alignwide is-layout-constrained wp-block-group-is-layout-constrained\" style=\"margin-top:0;margin-bottom:0\"><\/div>\n\n\n\n<div class=\"wp-block-columns alignfull are-vertically-aligned-center is-not-stacked-on-mobile has-xsmall-font-size is-layout-flex wp-container-core-columns-is-layout-2e6ea040 wp-block-columns-is-layout-flex\" style=\"margin-top:0;margin-bottom:0;padding-top:0;padding-right:0;padding-bottom:var(--wp--preset--spacing--70);padding-left:0\">\n<div class=\"wp-block-column is-vertically-aligned-center is-layout-flow wp-block-column-is-layout-flow\" style=\"padding-top:0;padding-right:0;padding-bottom:0;padding-left:0;flex-basis:48%\">\n<hr class=\"wp-block-separator has-alpha-channel-opacity is-style-wide\"\/>\n<\/div>\n\n\n\n<div class=\"wp-block-column is-vertically-aligned-center is-layout-flow wp-block-column-is-layout-flow\" style=\"padding-top:0;padding-right:0;padding-bottom:0;padding-left:0;flex-basis:320px\">\n<p class=\"has-text-align-center has-tiny-plus-font-size\" style=\"font-style:normal;font-weight:600\"><\/p>\n<\/div>\n\n\n\n<div class=\"wp-block-column is-vertically-aligned-center is-layout-flow wp-block-column-is-layout-flow\" style=\"padding-top:0;padding-right:0;padding-bottom:0;padding-left:0;flex-basis:48%\">\n<hr class=\"wp-block-separator has-alpha-channel-opacity is-style-wide\"\/>\n<\/div>\n<\/div>\n\n\n\n\n\n<div class=\"wp-block-group alignfull resize-text center-text resize-image vertically-align-items is-layout-flow wp-block-group-is-layout-flow\" id=\"seo-kosmetik-e2\" style=\"padding-top:var(--wp--preset--spacing--60);padding-right:var(--wp--preset--spacing--60);padding-bottom:var(--wp--preset--spacing--60);padding-left:var(--wp--preset--spacing--60)\">\n<div class=\"wp-block-columns alignwide is-layout-flex wp-container-core-columns-is-layout-28f84493 wp-block-columns-is-layout-flex\">\n<div class=\"wp-block-column is-vertically-aligned-center is-layout-flow wp-block-column-is-layout-flow\" style=\"flex-basis:33%\">\n<h2 class=\"wp-block-heading\">Kosmetik nahe Schwechat<\/h2>\n\n\n\n<p>Kosmetik dreht sich um weit mehr als die \u00e4u\u00dfere Sch\u00f6nheit. Sie verbindet Pflege mit Wohlbefinden und ganzheitlicher Hautgesundheit. Immer mehr Menschen legen Wert auf ein gepflegtes Erscheinungsbild, gesunde Haut und ihre pers\u00f6nliche Ausstrahlung, weshalb professionelle Kosmetik zunehmend an Bedeutung gewinnt. Unsere hochwertige Kosmetik nahe Schwechat sorgt f\u00fcr ein verbessertes Hautbild und f\u00f6rdert au\u00dferdem Ihr gesamtes Wohlbefinden und Selbstbewusstsein.<\/p>\n\n\n\n<p>Einen besonders hohen Stellenwert im Bereich der Kosmetik nehmen Gesichtsbehandlungen ein, wobei deren Fokus in erster Linie auf einer gr\u00fcndlichen Reinigung, der passenden Pflege sowie der Regeneration liegt. Unsere Erfahrung und Expertise helfen uns dabei, alle Pflegeprodukte sorgsam auf die jeweils unterschiedlichen Hauttypen und -bed\u00fcrfnisse abzustimmen. Dabei eignen sich unsere Anwendungen auch ideal f\u00fcr die \u00e4ltere Generation, da sie nicht nur intensive Verw\u00f6hnmomente bieten, sondern zugleich zur Hautstraffung und Vitalisierung beitragen. Gezielte Anwendungen reduzieren Unreinheiten, verfeinern die Hautstruktur und heben Ihre nat\u00fcrliche Ausstrahlung hervor. Unsere Gesichtsbehandlungen verbinden perfekt sichtbare Ergebnisse mit einem sp\u00fcrbaren Wohlf\u00fchleffekt.<\/p>\n<\/div>\n\n\n\n<div class=\"wp-block-column is-layout-flow wp-block-column-is-layout-flow\" style=\"border-style:none;border-width:0px;padding-top:0;padding-right:0;padding-bottom:0;padding-left:0;flex-basis:50%\">\n<figure class=\"wp-block-image aligncenter size-full is-resized\"><img decoding=\"async\" width=\"683\" height=\"1024\" src=\"https:\/\/www.kimkosmetik.at\/wp-content\/uploads\/2026\/01\/kk-u-koerperbehandlung-e2-b1.webp\" alt=\"\" class=\"wp-image-2094\" srcset=\"https:\/\/www.kimkosmetik.at\/wp-content\/uploads\/2026\/01\/kk-u-koerperbehandlung-e2-b1.webp 683w, https:\/\/www.kimkosmetik.at\/wp-content\/uploads\/2026\/01\/kk-u-koerperbehandlung-e2-b1-200x300.webp 200w, https:\/\/www.kimkosmetik.at\/wp-content\/uploads\/2026\/01\/kk-u-koerperbehandlung-e2-b1-8x12.webp 8w\" sizes=\"(max-width: 683px) 100vw, 683px\" \/><\/figure>\n<\/div>\n<\/div>\n<\/div>\n\n\n\n<div class=\"wp-block-group alignfull resize-text center-text resize-image reverse-order-mobile vertically-align-items is-layout-flow wp-block-group-is-layout-flow\" style=\"padding-top:var(--wp--preset--spacing--60);padding-right:var(--wp--preset--spacing--60);padding-bottom:var(--wp--preset--spacing--60);padding-left:var(--wp--preset--spacing--60)\">\n<div class=\"wp-block-columns alignwide is-layout-flex wp-container-core-columns-is-layout-28f84493 wp-block-columns-is-layout-flex\">\n<div class=\"wp-block-column is-layout-flow wp-block-column-is-layout-flow\" style=\"border-style:none;border-width:0px;padding-top:0;padding-right:0;padding-bottom:0;padding-left:0;flex-basis:50%\">\n<figure class=\"wp-block-image aligncenter size-full is-resized\"><img decoding=\"async\" width=\"683\" height=\"1024\" src=\"https:\/\/www.kimkosmetik.at\/wp-content\/uploads\/2026\/01\/kk-u-koerperbehandlung-e3-b1.webp\" alt=\"\" class=\"wp-image-2095\" srcset=\"https:\/\/www.kimkosmetik.at\/wp-content\/uploads\/2026\/01\/kk-u-koerperbehandlung-e3-b1.webp 683w, https:\/\/www.kimkosmetik.at\/wp-content\/uploads\/2026\/01\/kk-u-koerperbehandlung-e3-b1-200x300.webp 200w, https:\/\/www.kimkosmetik.at\/wp-content\/uploads\/2026\/01\/kk-u-koerperbehandlung-e3-b1-8x12.webp 8w\" sizes=\"(max-width: 683px) 100vw, 683px\" \/><\/figure>\n<\/div>\n\n\n\n<div class=\"wp-block-column is-vertically-aligned-center is-layout-flow wp-block-column-is-layout-flow\" style=\"flex-basis:33%\">\n<h2 class=\"wp-block-heading\">Beeindruckende Ergebnisse<\/h2>\n\n\n\n<p>Ebenso spielen K\u00f6rperbehandlungen im Zuge unserer Kosmetik nahe Schwechat eine wichtige Rolle. Sie helfen, die Haut zu pflegen, zu straffen, unterst\u00fctzen beim Fettabbau und revitalisieren strapazierte K\u00f6rperbereiche. Anwendungen wie beispielsweise Body Treatments, Wickel, Laserbehandlungen und mechanische Lymphdrainagen f\u00f6rdern die Durchblutung, entschlacken, unterst\u00fctzen die Funktionen der Haut und sorgen au\u00dferdem f\u00fcr tiefe Entspannung. Innovative Ger\u00e4te und hochqualitative Produkte mit besten Inhaltsstoffen sorgen f\u00fcr beeindruckende Ergebnisse, die nicht nur kurzfristigen Erfolg bieten, sondern f\u00fcr langfristige Effekte sorgen. Unsere K\u00f6rperbehandlungen schenken Ihnen eine wohltuende Auszeit vom Alltagsstress und tragen zu einem ganzheitlichen K\u00f6rpergef\u00fchl bei.<\/p>\n\n\n\n<p>Ein weiterer Bestandteil unserer kosmetischen Anwendungen ist die Haarentfernung. Schlie\u00dflich ist glatte, gepflegte Haut in unserer Gesellschaft ein Ausdruck von \u00c4sthetik und Wohlbefinden. Moderne Haarentfernungsmethoden erm\u00f6glichen eine effektive und hautschonende Entfernung unerw\u00fcnschter Haare und sorgen f\u00fcr langanhaltende, beeindruckende Ergebnisse. Unsere Kosmetik nahe Schwechat steht in ihrer Gesamtheit f\u00fcr pers\u00f6nliche Beratung, individuelle Pflege, effektive Methoden und ein besonderes Wohlgef\u00fchl \u2013 die perfekte Verbindung von \u00e4u\u00dferer Sch\u00f6nheit und innerem Wohlbefinden.<\/p>\n<\/div>\n<\/div>\n<\/div>\n\n\n\n<div id=\"seo-kosmetik-e4\" class=\"wp-block-group is-layout-constrained wp-container-core-group-is-layout-f8c3a21b wp-block-group-is-layout-constrained\" style=\"padding-top:0;padding-bottom:var(--wp--preset--spacing--70)\">\n<div class=\"wp-block-columns is-layout-flex wp-container-core-columns-is-layout-70390cd2 wp-block-columns-is-layout-flex\" style=\"padding-top:20px\">\n<div class=\"wp-block-column is-layout-flow wp-block-column-is-layout-flow\">\n<div class=\"wp-block-cover waterlava-animate waterlava-scale waterlava-delay-5\" style=\"padding-top:0px;padding-right:50px;padding-left:50px\"><img decoding=\"async\" class=\"wp-block-cover__image-background wp-image-44\" alt=\"\" src=\"https:\/\/www.kimkosmetik.at\/wp-content\/themes\/waterlava\/assets\/img\/nature-sweet-flower-honey-pollen-yellow-1377266-pxhere.com.webp\" data-object-fit=\"cover\"\/><span aria-hidden=\"true\" class=\"wp-block-cover__background has-background-dim\"><\/span><div class=\"wp-block-cover__inner-container is-layout-flow wp-block-cover-is-layout-flow\">\n<h2 class=\"wp-block-heading has-text-align-center has-waterlava-third-color has-text-color\" style=\"font-size:30px\">Natural cosmetics<\/h2>\n\n\n\n<p class=\"has-text-align-center has-waterlava-third-color has-text-color\" style=\"font-size:14px\"><\/p>\n<\/div><\/div>\n<\/div>\n\n\n\n<div class=\"wp-block-column waterlava-margin-side-0 is-layout-flow wp-block-column-is-layout-flow\">\n<div class=\"wp-block-cover is-light waterlava-animate waterlava-scale waterlava-delay-10\" style=\"padding-top:0px;padding-right:50px;padding-left:50px\"><img decoding=\"async\" class=\"wp-block-cover__image-background wp-image-46\" alt=\"\" src=\"https:\/\/www.kimkosmetik.at\/wp-content\/themes\/waterlava\/assets\/img\/people-meal-child-baking-ceremony-infant-982394-pxhere.com.webp\" data-object-fit=\"cover\"\/><span aria-hidden=\"true\" class=\"wp-block-cover__background has-background-dim\"><\/span><div class=\"wp-block-cover__inner-container is-layout-flow wp-block-cover-is-layout-flow\">\n<h2 class=\"wp-block-heading has-text-align-center has-waterlava-third-color has-text-color\" style=\"font-size:30px\"><a href=\"https:\/\/www.kimkosmetik.at\/en\/behandlungsmethode\/\" data-type=\"link\" data-id=\"https:\/\/www.kimkosmetik.at\/behandlungsmethode\/\">Method of treatments<\/a><\/h2>\n\n\n\n<p class=\"has-text-align-center has-waterlava-third-color has-text-color\" style=\"font-size:14px\"><\/p>\n<\/div><\/div>\n<\/div>\n<\/div>\n<\/div>","protected":false},"excerpt":{"rendered":"<p>Kosmetik nahe Schwechat Kosmetik dreht sich um weit mehr als die \u00e4u\u00dfere Sch\u00f6nheit. Sie verbindet Pflege mit Wohlbefinden und ganzheitlicher Hautgesundheit. Immer mehr Menschen legen Wert auf ein gepflegtes Erscheinungsbild, gesunde Haut und ihre pers\u00f6nliche Ausstrahlung, weshalb professionelle Kosmetik zunehmend an Bedeutung gewinnt. Unsere hochwertige Kosmetik nahe Schwechat sorgt f\u00fcr ein verbessertes Hautbild und f\u00f6rdert au\u00dferdem Ihr gesamtes Wohlbefinden und Selbstbewusstsein. Einen besonders hohen Stellenwert im Bereich der Kosmetik nehmen Gesichtsbehandlungen ein, wobei deren Fokus in erster Linie auf einer gr\u00fcndlichen Reinigung, der passenden Pflege sowie der Regeneration liegt. Unsere Erfahrung und Expertise helfen uns dabei, alle Pflegeprodukte sorgsam auf<\/p>","protected":false},"author":1,"featured_media":0,"parent":0,"menu_order":0,"comment_status":"closed","ping_status":"closed","template":"","meta":{"om_disable_all_campaigns":false,"_monsterinsights_skip_tracking":false,"_monsterinsights_sitenote_active":false,"_monsterinsights_sitenote_note":"","_monsterinsights_sitenote_category":0,"footnotes":""},"class_list":["post-2091","page","type-page","status-publish","hentry"],"jetpack_sharing_enabled":true,"_links":{"self":[{"href":"https:\/\/www.kimkosmetik.at\/en\/wp-json\/wp\/v2\/pages\/2091","targetHints":{"allow":["GET"]}}],"collection":[{"href":"https:\/\/www.kimkosmetik.at\/en\/wp-json\/wp\/v2\/pages"}],"about":[{"href":"https:\/\/www.kimkosmetik.at\/en\/wp-json\/wp\/v2\/types\/page"}],"author":[{"embeddable":true,"href":"https:\/\/www.kimkosmetik.at\/en\/wp-json\/wp\/v2\/users\/1"}],"replies":[{"embeddable":true,"href":"https:\/\/www.kimkosmetik.at\/en\/wp-json\/wp\/v2\/comments?post=2091"}],"version-history":[{"count":15,"href":"https:\/\/www.kimkosmetik.at\/en\/wp-json\/wp\/v2\/pages\/2091\/revisions"}],"predecessor-version":[{"id":2197,"href":"https:\/\/www.kimkosmetik.at\/en\/wp-json\/wp\/v2\/pages\/2091\/revisions\/2197"}],"wp:attachment":[{"href":"https:\/\/www.kimkosmetik.at\/en\/wp-json\/wp\/v2\/media?parent=2091"}],"curies":[{"name":"wp","href":"https:\/\/api.w.org\/{rel}","templated":true}]}}